{"id":98796,"date":"2024-07-30T16:15:20","date_gmt":"2024-07-30T16:15:20","guid":{"rendered":"https:\/\/www.ecowas.int\/procurement\/grants_m\/sop-for-grant\/"},"modified":"2024-11-13T20:47:24","modified_gmt":"2024-11-13T20:47:24","slug":"sop-for-grant","status":"publish","type":"page","link":"https:\/\/www.ecowas.int\/?page_id=98796&lang=pt-pt","title":{"rendered":"Instru\u00e7\u00f5es de trabalho para a subven\u00e7\u00e3o"},"content":{"rendered":"<p><span style=\"color: #0000ff;\"><a style=\"color: #0000ff;\" href=\"https:\/\/www.ecowas.int\/wp-content\/uploads\/2024\/11\/ECOWAS-ASSET-MANAGEMENT-MANUAL-PORTUGUESE-pdf-19.09.2024.pdf\">ECOWAS ASSET MANAGEMENT MANUAL &#8211; PORTUGUESE pdf 19.09.2024<\/a><\/span><\/p>\n<p><span style=\"color: #0000ff;\"><a style=\"color: #0000ff;\" href=\"https:\/\/www.ecowas.int\/wp-content\/uploads\/2024\/11\/ECOWAS-ASSET-MANAGEMENT-POLICY-PORTUGUESE-pdf-19092024.pdf\">ECOWAS ASSET MANAGEMENT POLICY &#8211; PORTUGUESE pdf 19092024<\/a><\/span><\/p>\n<p><a href=\"https:\/\/www.ecowas.int\/wp-content\/uploads\/2024\/11\/ECOWAS-SOP-FOR-GRANTS-PORTUGUESE-pdf-06-11-2024.pdf\"><span style=\"color: #0000ff;\">ECOWAS SOP FOR GRANTS &#8211; PORTUGUESE pdf 06-11-2024<\/span><\/a><\/p>\n","protected":false},"excerpt":{"rendered":"<p>ECOWAS ASSET MANAGEMENT MANUAL &#8211; PORTUGUESE pdf 19.09.2024 ECOWAS ASSET MANAGEMENT POLICY &#8211; PORTUGUESE pdf 19092024 ECOWAS SOP FOR GRANTS &#8211; PORTUGUESE pdf 06-11-2024<\/p>\n","protected":false},"author":13,"featured_media":0,"parent":79856,"menu_order":5,"comment_status":"closed","ping_status":"closed","template":"page-procurement_c.php","meta":{"_acf_changed":false,"footnotes":""},"class_list":["post-98796","page","type-page","status-publish","hentry"],"acf":[],"_links":{"self":[{"href":"https:\/\/www.ecowas.int\/index.php?rest_route=\/wp\/v2\/pages\/98796","targetHints":{"allow":["GET"]}}],"collection":[{"href":"https:\/\/www.ecowas.int\/index.php?rest_route=\/wp\/v2\/pages"}],"about":[{"href":"https:\/\/www.ecowas.int\/index.php?rest_route=\/wp\/v2\/types\/page"}],"author":[{"embeddable":true,"href":"https:\/\/www.ecowas.int\/index.php?rest_route=\/wp\/v2\/users\/13"}],"replies":[{"embeddable":true,"href":"https:\/\/www.ecowas.int\/index.php?rest_route=%2Fwp%2Fv2%2Fcomments&post=98796"}],"version-history":[{"count":3,"href":"https:\/\/www.ecowas.int\/index.php?rest_route=\/wp\/v2\/pages\/98796\/revisions"}],"predecessor-version":[{"id":107240,"href":"https:\/\/www.ecowas.int\/index.php?rest_route=\/wp\/v2\/pages\/98796\/revisions\/107240"}],"up":[{"embeddable":true,"href":"https:\/\/www.ecowas.int\/index.php?rest_route=\/wp\/v2\/pages\/79856"}],"wp:attachment":[{"href":"https:\/\/www.ecowas.int\/index.php?rest_route=%2Fwp%2Fv2%2Fmedia&parent=98796"}],"curies":[{"name":"wp","href":"https:\/\/api.w.org\/{rel}","templated":true}]}}