{"id":79979,"date":"2023-06-13T13:57:58","date_gmt":"2023-06-13T13:57:58","guid":{"rendered":"https:\/\/ecowas.int\/procurement\/procurement_m\/documentation\/"},"modified":"2024-05-31T16:37:15","modified_gmt":"2024-05-31T16:37:15","slug":"documentation","status":"publish","type":"page","link":"https:\/\/www.ecowas.int\/?page_id=79979&lang=pt-pt","title":{"rendered":"Documenta\u00e7\u00e3o"},"content":{"rendered":"<hr \/>\n<ol>\n<li><span style=\"color: #0000ff;\"><a style=\"color: #0000ff;\" href=\"https:\/\/www.ecowas.int\/wp-content\/uploads\/2024\/02\/ECOWAS-PROCUREMENT-CODE.pdf\">ECOWAS PROCUREMENT CODE<\/a><\/span><\/li>\n<li><span style=\"color: #0000ff;\"><a style=\"color: #0000ff;\" href=\"https:\/\/www.ecowas.int\/wp-content\/uploads\/2024\/02\/ECOWAS-Procurement-Manual.pdf\">ECOWAS Procurement Manual<\/a><\/span><\/li>\n<\/ol>\n<hr \/>\n<p style=\"text-align: center;\"><strong>BIDDING DOCUMENTS TEMPLATES\/ DOCUMENTS TYPES D\u2019APPEL D\u2019OFFRES<\/strong><\/p>\n<ol>\n<li><strong>International Bidding Document\/ Dossier d\u2019Appel d\u2019Offres International<\/strong><\/li>\n<\/ol>\n<ul>\n<li>English\n<ul>\n<li><span style=\"color: #0000ff;\"><a style=\"color: #0000ff;\" href=\"https:\/\/www.ecowas.int\/wp-content\/uploads\/2024\/05\/1-SBDI1.doc\">1 &#8211; SBD International<\/a><\/span><\/li>\n<\/ul>\n<\/li>\n<li>French\n<ul>\n<li><span style=\"color: #0000ff;\"><a style=\"color: #0000ff;\" href=\"https:\/\/www.ecowas.int\/wp-content\/uploads\/2024\/05\/2-DAOI1.doc\">2-DAO International<\/a><\/span><\/li>\n<\/ul>\n<\/li>\n<\/ul>\n<p>&nbsp;<\/p>\n<ol>\n<li><strong>Regional Bidding Document\/ Dossier d\u2019Appel d\u2019Offres R\u00e9gional<\/strong><\/li>\n<\/ol>\n<ul>\n<li>English\n<ul>\n<li><span style=\"color: #0000ff;\"><a style=\"color: #0000ff;\" href=\"https:\/\/www.ecowas.int\/wp-content\/uploads\/2024\/05\/1-SBD-Regional.docx\">1 &#8211; SBD Regional<\/a><\/span><\/li>\n<\/ul>\n<\/li>\n<li>French\n<ul>\n<li><span style=\"color: #0000ff;\"><a style=\"color: #0000ff;\" href=\"https:\/\/www.ecowas.int\/wp-content\/uploads\/2024\/05\/2-DAO-Regional.doc\">2 &#8211; DAO Regional<\/a><\/span><\/li>\n<\/ul>\n<\/li>\n<\/ul>\n<ol>\n<li><strong>Local Bidding Document\/ Dossier d\u2019Appel d\u2019Offres Local<\/strong><\/li>\n<\/ol>\n<ul>\n<li>English\n<ul>\n<li><span style=\"color: #0000ff;\"><a style=\"color: #0000ff;\" href=\"https:\/\/www.ecowas.int\/wp-content\/uploads\/2024\/05\/1-SBD-Local.docx\">1 &#8211; SBD Local<\/a><\/span><\/li>\n<\/ul>\n<\/li>\n<li>French\n<ul>\n<li><span style=\"color: #0000ff;\"><a style=\"color: #0000ff;\" href=\"https:\/\/www.ecowas.int\/wp-content\/uploads\/2024\/05\/2-DAO-Local.doc\">2 &#8211; DAO Local<\/a><\/span><\/li>\n<\/ul>\n<\/li>\n<\/ul>\n<ol>\n<li><strong>Request for Proposals\/ Demande de Propositions <\/strong><\/li>\n<\/ol>\n<ul>\n<li>English\n<ul>\n<li><span style=\"color: #0000ff;\"><a style=\"color: #0000ff;\" href=\"https:\/\/www.ecowas.int\/wp-content\/uploads\/2024\/05\/1-Request-for-Proposals.docx\">1 &#8211; Request for Proposals<\/a><\/span><\/li>\n<\/ul>\n<\/li>\n<li>French\n<ul>\n<li><span style=\"color: #0000ff;\"><a style=\"color: #0000ff;\" href=\"https:\/\/www.ecowas.int\/wp-content\/uploads\/2024\/05\/2-Demande-de-Propositions.docx\">2 &#8211; Demande de Propositions<\/a><\/span><\/li>\n<\/ul>\n<\/li>\n<\/ul>\n<ol>\n<li><strong>Standard Bidding Documents (Prequalification)\/ Dossier d\u2019Appel d\u2019Offres Type (Pr\u00e9qualification)<\/strong><\/li>\n<\/ol>\n<ul>\n<li>English (link to English Document)\n<ul>\n<li><a href=\"https:\/\/www.ecowas.int\/wp-content\/uploads\/2024\/05\/1-Invitation-for-Bids-IfB-Template-1.docx\">1 &#8211; Invitation for Bids (IfB) Template<\/a><\/li>\n<li><a href=\"https:\/\/www.ecowas.int\/wp-content\/uploads\/2024\/05\/1-Notice-of-Results-Publication-Goods-Works-Consultant-Services-2.docx\">1 &#8211; Notice of Results Publication (Goods &amp; Works &#8211; Consultant Services)<\/a><\/li>\n<li><a href=\"https:\/\/www.ecowas.int\/wp-content\/uploads\/2024\/05\/1-Notice-of-Results-Publication-Goods-Works-Consultant-Services1.docx\">1 &#8211; Notice of Results Publication (Goods &amp; Works &#8211; Consultant Services)[1]<\/a><\/li>\n<li><a href=\"https:\/\/www.ecowas.int\/wp-content\/uploads\/2024\/05\/1-Request-for-Expression-of-Interest-REOIs-Template-1.docx\">1 &#8211; Request for Expression of Interest (REOIs) &#8211; Template<\/a><\/li>\n<\/ul>\n<\/li>\n<li>French (lien sur le document en fran\u00e7ais)\n<ul>\n<li><a href=\"https:\/\/www.ecowas.int\/wp-content\/uploads\/2024\/05\/2-Avis-a-Manifestation-dinteret-AMI-Type-1.docx\">2 &#8211; Avis \u00e0 Manifestation d&#8217;int\u00e9r\u00eat (AMI) Type<\/a><\/li>\n<li><a href=\"https:\/\/www.ecowas.int\/wp-content\/uploads\/2024\/05\/2-Avis-dAppel-dOffre-AAO-Type-1.docx\">2 &#8211; Avis d&#8217;Appel d&#8217;Offre (AAO) Type<\/a><\/li>\n<li><a href=\"https:\/\/www.ecowas.int\/wp-content\/uploads\/2024\/05\/2-Avis-de-Publication-des-Resultats-Types-Appel-dOffre-Service-de-Consultants-1.docx\">2 &#8211; Avis de Publication des R\u00e9sultats Types (Appel d&#8217;Offre-Service de Consultants)<\/a><\/li>\n<li><a href=\"https:\/\/www.ecowas.int\/wp-content\/uploads\/2024\/05\/2-AVIS2.doc\">2-AVIS~2<\/a><\/li>\n<\/ul>\n<\/li>\n<li>Portuguese ()<\/li>\n<\/ul>\n<p>&nbsp;<\/p>\n<ol>\n<li><strong>Framework Agreement Furniture \/ Accord Cadre Fourniture<\/strong><\/li>\n<\/ol>\n<ul>\n<li>English\n<ul>\n<li><span style=\"color: #0000ff;\"><a style=\"color: #0000ff;\" href=\"https:\/\/www.ecowas.int\/wp-content\/uploads\/2024\/05\/1-Explanatory-Note-on-Framework-Agreements.docx\">1 &#8211; Explanatory Note on Framework Agreements<\/a><\/span><\/li>\n<li><span style=\"color: #0000ff;\"><a style=\"color: #0000ff;\" href=\"https:\/\/www.ecowas.int\/wp-content\/uploads\/2024\/05\/1-SBD-Framework-Agreement-Furniture.docx\">1 &#8211; SBD Framework Agreement Furniture<\/a><\/span><\/li>\n<\/ul>\n<\/li>\n<li>French\n<ul>\n<li><span style=\"color: #0000ff;\"><a style=\"color: #0000ff;\" href=\"https:\/\/www.ecowas.int\/wp-content\/uploads\/2024\/05\/2-DAO-Accord-Cadre-Fournitures.docx\">2 &#8211; DAO Accord-Cadre Fournitures<\/a><\/span><\/li>\n<li><span style=\"color: #0000ff;\"><a style=\"color: #0000ff;\" href=\"https:\/\/www.ecowas.int\/wp-content\/uploads\/2024\/05\/2-Note-dOrientation-Accord-Cadres.docx\">2 &#8211; Note d&#8217;Orientation Accord-Cadres<\/a><\/span><\/li>\n<\/ul>\n<\/li>\n<\/ul>\n<p><strong>REPORT TEMPLATES \/ RAPPORTS TYPE<\/strong><\/p>\n<ul>\n<li><strong>Goods &amp; Works<\/strong>\n<ul>\n<li>English\n<ul>\n<li><span style=\"color: #0000ff;\"><a style=\"color: #0000ff;\" href=\"https:\/\/www.ecowas.int\/wp-content\/uploads\/2024\/05\/1-Bidders-Information-Sheet-at-the-Deadline-for-Submission.docx\">1 &#8211; Bidders Information Sheet at the Deadline for Submission<\/a><\/span><\/li>\n<li><span style=\"color: #0000ff;\"><a style=\"color: #0000ff;\" href=\"https:\/\/www.ecowas.int\/wp-content\/uploads\/2024\/05\/1-Bids-Evaluation-Report-Template.docx\">1 &#8211; Bids Evaluation Report Template<\/a><\/span><\/li>\n<li><span style=\"color: #0000ff;\"><a style=\"color: #0000ff;\" href=\"https:\/\/www.ecowas.int\/wp-content\/uploads\/2024\/05\/1-Bids-Opening-Minutes-Template.docx\">1 &#8211; Bids Opening Minutes Template<\/a><\/span><\/li>\n<\/ul>\n<\/li>\n<li>French\n<ul>\n<li><span style=\"color: #0000ff;\"><a style=\"color: #0000ff;\" href=\"https:\/\/www.ecowas.int\/wp-content\/uploads\/2024\/05\/2-Fiche-dInformation-sur-les-soumissionnaires-a-la-Date-Limite.docx\">2 &#8211; Fiche d&#8217;Information sur les soumissionnaires \u00e0 la Date Limite<\/a><\/span><\/li>\n<li><span style=\"color: #0000ff;\"><a style=\"color: #0000ff;\" href=\"https:\/\/www.ecowas.int\/wp-content\/uploads\/2024\/05\/2-Modele-de-Proces-Verbal-dOuverture-des-Offres.docx\">2 &#8211; Mod\u00e8le de Proc\u00e8s Verbal d&#8217;Ouverture des Offres<\/a><\/span><\/li>\n<li><span style=\"color: #0000ff;\"><a style=\"color: #0000ff;\" href=\"https:\/\/www.ecowas.int\/wp-content\/uploads\/2024\/05\/2-Modele-de-Rapport-dEvaluation-des-Offres.docx\">2 &#8211; Mod\u00e8le de Rapport d&#8217;Evaluation des Offres<\/a><\/span><\/li>\n<\/ul>\n<\/li>\n<\/ul>\n<\/li>\n<\/ul>\n<p>&nbsp;<\/p>\n<ul>\n<li><strong>Consultancy Services<\/strong>\n<ul>\n<li>English\n<ul>\n<li><span style=\"color: #0000ff;\"><a style=\"color: #0000ff;\" href=\"https:\/\/www.ecowas.int\/wp-content\/uploads\/2024\/05\/1-Combined-Evaluation-Report-Template-Tech-Fin.docx\">1 &#8211; Combined Evaluation Report Template-(Tech &amp; Fin)<\/a><\/span><\/li>\n<li><span style=\"color: #0000ff;\"><a style=\"color: #0000ff;\" href=\"https:\/\/www.ecowas.int\/wp-content\/uploads\/2024\/05\/1-Minutes-of-Opening-of-Expression-of-Interest-Template.docx\">1 &#8211; Minutes of Opening of Expression of Interest-Template<\/a><\/span><\/li>\n<li><span style=\"color: #0000ff;\"><a style=\"color: #0000ff;\" href=\"https:\/\/www.ecowas.int\/wp-content\/uploads\/2024\/05\/1-Negotiation-Minutes-Template.docx\">1 &#8211; Negotiation Minutes Template<\/a><\/span><\/li>\n<li><span style=\"color: #0000ff;\"><a style=\"color: #0000ff;\" href=\"https:\/\/www.ecowas.int\/wp-content\/uploads\/2024\/05\/1-Shortlist-Report-Template.docx\">1 &#8211; Shortlist Report Template<\/a><\/span><\/li>\n<li><span style=\"color: #0000ff;\"><a style=\"color: #0000ff;\" href=\"https:\/\/www.ecowas.int\/wp-content\/uploads\/2024\/05\/1-Technical-Evaluation-Report-Template.docx\">1 &#8211; Technical Evaluation Report Template<\/a><\/span><\/li>\n<\/ul>\n<\/li>\n<li>French\n<ul>\n<li><span style=\"color: #0000ff;\"><a style=\"color: #0000ff;\" href=\"https:\/\/www.ecowas.int\/wp-content\/uploads\/2024\/05\/2-Proces-Verbal-PV-de-Negotiation-Types.docx\">2 &#8211; Proc\u00e8s Verbal (PV) de Negotiation Types<\/a><\/span><\/li>\n<li><span style=\"color: #0000ff;\"><a style=\"color: #0000ff;\" href=\"https:\/\/www.ecowas.int\/wp-content\/uploads\/2024\/05\/2-Proces-Verbal-dOuverture-des-Manifestation-dInterets.docx\">2 &#8211; Proc\u00e8s Verbal d&#8217;Ouverture des Manifestation d&#8217;Interets<\/a><\/span><\/li>\n<li><span style=\"color: #0000ff;\"><a style=\"color: #0000ff;\" href=\"https:\/\/www.ecowas.int\/wp-content\/uploads\/2024\/05\/2-Rapport-de-Shortlist-Type.docx\">2 &#8211; Rapport de Shortlist Type<\/a><\/span><\/li>\n<li><span style=\"color: #0000ff;\"><a style=\"color: #0000ff;\" href=\"https:\/\/www.ecowas.int\/wp-content\/uploads\/2024\/05\/2-Rapport-dEvaluation-Combine-Types-Tech-Fin.docx\">2 &#8211; Rapport d&#8217;Evaluation Combin\u00e9 Types-(Tech &amp; Fin)<\/a><\/span><\/li>\n<li><span style=\"color: #0000ff;\"><a style=\"color: #0000ff;\" href=\"https:\/\/www.ecowas.int\/wp-content\/uploads\/2024\/05\/2-Rapport-dEvaluation-des-Propositions-Techniques-Types.docx\">2 &#8211; Rapport d&#8217;Evaluation des Propositions Techniques Types<\/a><\/span><\/li>\n<\/ul>\n<\/li>\n<\/ul>\n<\/li>\n<\/ul>\n<p>&nbsp;<\/p>\n<p><strong>TEMPLATES PUBLICATION NOTICE\/ AVIS DE PUBLICATION TYPE<\/strong><\/p>\n<ul>\n<li><strong>Goods &amp; Works<\/strong>\n<ul>\n<li>English\n<ul>\n<li><span style=\"color: #0000ff;\"><a style=\"color: #0000ff;\" href=\"https:\/\/www.ecowas.int\/wp-content\/uploads\/2024\/05\/1-Invitation-for-Bids-IfB-Template.docx\">1 &#8211; Invitation for Bids (IfB) Template<\/a><\/span><\/li>\n<li><span style=\"color: #0000ff;\"><a style=\"color: #0000ff;\" href=\"https:\/\/www.ecowas.int\/wp-content\/uploads\/2024\/05\/1-Notice-of-Results-Publication-Goods-Works-Consultant-Services.docx\">1 &#8211; Notice of Results Publication (Goods &amp; Works &#8211; Consultant Services)<\/a><\/span><\/li>\n<\/ul>\n<\/li>\n<li>French\n<ul>\n<li><span style=\"color: #0000ff;\"><a style=\"color: #0000ff;\" href=\"https:\/\/www.ecowas.int\/wp-content\/uploads\/2024\/05\/2-Avis-dAppel-dOffre-AAO-Type.docx\">2 &#8211; Avis d&#8217;Appel d&#8217;Offre (AAO) Type<\/a><\/span><\/li>\n<li><span style=\"color: #0000ff;\"><a style=\"color: #0000ff;\" href=\"https:\/\/www.ecowas.int\/wp-content\/uploads\/2024\/05\/2-Avis-de-Publication-des-Resultats-Types-Appel-dOffre-Service-de-Consultants.docx\">2 &#8211; Avis de Publication des R\u00e9sultats Types (Appel d&#8217;Offre-Service de Consultants)<\/a><\/span><\/li>\n<\/ul>\n<\/li>\n<\/ul>\n<\/li>\n<\/ul>\n<p>&nbsp;<\/p>\n<ul>\n<li><strong>Consultancy Services<\/strong>\n<ul>\n<li>English\n<ul>\n<li><span style=\"color: #0000ff;\"><a style=\"color: #0000ff;\" href=\"https:\/\/www.ecowas.int\/wp-content\/uploads\/2024\/05\/1-Notice-of-Results-Publication-Goods-Works-Consultant-Services-1.docx\">1 &#8211; Notice of Results Publication (Goods &amp; Works &#8211; Consultant Services)<\/a><\/span><\/li>\n<li><span style=\"color: #0000ff;\"><a style=\"color: #0000ff;\" href=\"https:\/\/www.ecowas.int\/wp-content\/uploads\/2024\/05\/1-Request-for-Expression-of-Interest-REOIs-Template.docx\">1 &#8211; Request for Expression of Interest (REOIs) &#8211; Template<\/a><\/span><\/li>\n<\/ul>\n<\/li>\n<li>French\n<ul>\n<li><span style=\"color: #0000ff;\"><a style=\"color: #0000ff;\" href=\"https:\/\/www.ecowas.int\/wp-content\/uploads\/2024\/05\/2-Avis-a-Manifestation-dinteret-AMI-Type.docx\">2 &#8211; Avis \u00e0 Manifestation d&#8217;int\u00e9r\u00eat (AMI) Type<\/a><\/span><\/li>\n<li><\/li>\n<\/ul>\n<\/li>\n<\/ul>\n<\/li>\n<\/ul>\n<p><strong>INDIVIDUAL CONSULTANT- CONTRACT TEMPLATE\/ CONSULTANT INDIVIDUEL- CONTRAT TYPE<\/strong><\/p>\n<ul>\n<li><strong>Long Term\/ Long Terme<\/strong>\n<ul>\n<li>English\n<ul>\n<li><span style=\"color: #0000ff;\"><a style=\"color: #0000ff;\" href=\"https:\/\/www.ecowas.int\/wp-content\/uploads\/2024\/05\/1-Lump-Sum-Contract-Individual-Consultant-Long-Term.docx\">1 &#8211; Lump-Sum Contract Individual Consultant (Long-Term)<\/a><\/span><\/li>\n<\/ul>\n<\/li>\n<li>French\n<ul>\n<li><span style=\"color: #0000ff;\"><a style=\"color: #0000ff;\" href=\"https:\/\/www.ecowas.int\/wp-content\/uploads\/2024\/05\/2-Lump-Sum-Contract-Individual-Consultant-Long-Term.docx\">2 &#8211; Lump-Sum Contract Individual Consultant (Long-Term)<\/a><\/span><\/li>\n<\/ul>\n<\/li>\n<\/ul>\n<\/li>\n<\/ul>\n<p>&nbsp;<\/p>\n<ul>\n<li><strong>Short-Term\/ Court-Terme<\/strong>\n<ul>\n<li>English\n<ul>\n<li><span style=\"color: #0000ff;\"><a style=\"color: #0000ff;\" href=\"https:\/\/www.ecowas.int\/wp-content\/uploads\/2024\/05\/1-Lump-Sum-Contract-Individual-Consultant-Short-Term-1.docx\">1 &#8211; Lump-Sum Contract Individual Consultant (Short-Term)<\/a><\/span><\/li>\n<\/ul>\n<\/li>\n<li>French\n<ul>\n<li><span style=\"color: #0000ff;\"><a style=\"color: #0000ff;\" href=\"https:\/\/www.ecowas.int\/wp-content\/uploads\/2024\/05\/2-Lump-Sum-Contract-Individual-Consultant-Short-Term.docx\">2 &#8211; Lump-Sum Contract Individual Consultant (Short-Term)<\/a><\/span><\/li>\n<\/ul>\n<\/li>\n<\/ul>\n<\/li>\n<\/ul>\n<hr \/>\n<p>&nbsp;<\/p>\n","protected":false},"excerpt":{"rendered":"<p>ECOWAS PROCUREMENT CODE ECOWAS Procurement Manual BIDDING DOCUMENTS TEMPLATES\/ DOCUMENTS TYPES D\u2019APPEL D\u2019OFFRES International Bidding Document\/ Dossier d\u2019Appel d\u2019Offres International English 1 &#8211; SBD International French 2-DAO International &nbsp; Regional Bidding Document\/ Dossier d\u2019Appel d\u2019Offres R\u00e9gional English 1 &#8211; SBD Regional French 2 &#8211; DAO Regional Local Bidding Document\/ Dossier d\u2019Appel d\u2019Offres Local English 1 [&hellip;]<\/p>\n","protected":false},"author":13,"featured_media":0,"parent":79862,"menu_order":7,"comment_status":"closed","ping_status":"closed","template":"page-procurement_c.php","meta":{"_acf_changed":false,"footnotes":""},"class_list":["post-79979","page","type-page","status-publish","hentry"],"acf":[],"_links":{"self":[{"href":"https:\/\/www.ecowas.int\/index.php?rest_route=\/wp\/v2\/pages\/79979","targetHints":{"allow":["GET"]}}],"collection":[{"href":"https:\/\/www.ecowas.int\/index.php?rest_route=\/wp\/v2\/pages"}],"about":[{"href":"https:\/\/www.ecowas.int\/index.php?rest_route=\/wp\/v2\/types\/page"}],"author":[{"embeddable":true,"href":"https:\/\/www.ecowas.int\/index.php?rest_route=\/wp\/v2\/users\/13"}],"replies":[{"embeddable":true,"href":"https:\/\/www.ecowas.int\/index.php?rest_route=%2Fwp%2Fv2%2Fcomments&post=79979"}],"version-history":[{"count":2,"href":"https:\/\/www.ecowas.int\/index.php?rest_route=\/wp\/v2\/pages\/79979\/revisions"}],"predecessor-version":[{"id":94190,"href":"https:\/\/www.ecowas.int\/index.php?rest_route=\/wp\/v2\/pages\/79979\/revisions\/94190"}],"up":[{"embeddable":true,"href":"https:\/\/www.ecowas.int\/index.php?rest_route=\/wp\/v2\/pages\/79862"}],"wp:attachment":[{"href":"https:\/\/www.ecowas.int\/index.php?rest_route=%2Fwp%2Fv2%2Fmedia&parent=79979"}],"curies":[{"name":"wp","href":"https:\/\/api.w.org\/{rel}","templated":true}]}}