{"id":691,"date":"2014-11-11T21:28:23","date_gmt":"2014-11-11T21:28:23","guid":{"rendered":"http:\/\/www.ecowas.int\/?page_id=691"},"modified":"2022-10-25T06:39:05","modified_gmt":"2022-10-25T06:39:05","slug":"member-states","status":"publish","type":"page","link":"https:\/\/www.ecowas.int\/?page_id=691&lang=pt-pt","title":{"rendered":"Estados-Membros"},"content":{"rendered":"<p style=\"text-align: justify;\">A Comunidade Econ\u00f3mica dos Estados da \u00c1frica Ocidental (CEDEAO) \u00e9 composta por quinze pa\u00edses membros situados na regi\u00e3o da \u00c1frica Ocidental. Esses pa\u00edses t\u00eam simultaneamente la\u00e7os culturais e geopol\u00edticos e partilham interesses econ\u00f3micos comuns. A regi\u00e3o da \u00c1frica Ocidental situa-se a oeste do eixo norte-sul perto dos 10\u00ba da longitude leste. O oceano atl\u00e2ntico constitui a fronteira oeste e sul da regi\u00e3o da \u00c1frica Ocidental.<\/p>\n<p style=\"text-align: justify;\">A fronteira norte \u00e9 o Deserto do Saara, com a curva de Ranishanu considerada, geralmente, o lugar mais a norte da regi\u00e3o. A fronteira leste situa-se entre a vala de Benue, e uma linha que vai do Monte Camar\u00f5es ao Lago Chade.<\/p>\n<p style=\"text-align: justify;\">As fronteiras coloniais correspondem \u00e0s atuais fronteiras dos estados da \u00c1frica Ocidental, separando culturas e etnias, dividindo muitas vezes grupos \u00e9tnico entre dois ou mais estados.<\/p>\n<hr \/>\n<p><a href=\"https:\/\/www.ecowas.int\/wp-content\/uploads\/2020\/05\/Mai-2020-ECOWAS-Permanent-and-Special-Representatives.pdf\">Mai-2020-ECOWAS-Permanent-and-Special-Representatives<\/a><\/p>\n<p>&#8212;&#8212;&#8212;&#8212;-<\/p>\n<p><a href=\"https:\/\/www.ecowas.int\/wp-content\/uploads\/2021\/02\/29-JANUARY-2021-Clean-Database-ECOWAS-Ministers-and-National-Offices.pdf\">29 JANEIRO 2021- Base de Dados Limpa Ministros e Gabinetes Nacionais da CEDEAO<\/a><\/p>\n<hr \/>\n<p>A Comunidade Econ\u00f3mica dos Estados da \u00c1frica Ocidental, 15 estados:<\/p>\n","protected":false},"excerpt":{"rendered":"<p>A Comunidade Econ\u00f3mica dos Estados da \u00c1frica Ocidental (CEDEAO) \u00e9 composta por quinze pa\u00edses membros situados na regi\u00e3o da \u00c1frica Ocidental. Esses pa\u00edses t\u00eam simultaneamente la\u00e7os culturais e geopol\u00edticos e partilham interesses econ\u00f3micos comuns. A regi\u00e3o da \u00c1frica Ocidental situa-se a oeste do eixo norte-sul perto dos 10\u00ba da longitude leste. O oceano atl\u00e2ntico constitui [&hellip;]<\/p>\n","protected":false},"author":13,"featured_media":0,"parent":0,"menu_order":8,"comment_status":"closed","ping_status":"closed","template":"","meta":{"_acf_changed":false,"footnotes":""},"class_list":["post-691","page","type-page","status-publish","hentry"],"acf":[],"_links":{"self":[{"href":"https:\/\/www.ecowas.int\/index.php?rest_route=\/wp\/v2\/pages\/691","targetHints":{"allow":["GET"]}}],"collection":[{"href":"https:\/\/www.ecowas.int\/index.php?rest_route=\/wp\/v2\/pages"}],"about":[{"href":"https:\/\/www.ecowas.int\/index.php?rest_route=\/wp\/v2\/types\/page"}],"author":[{"embeddable":true,"href":"https:\/\/www.ecowas.int\/index.php?rest_route=\/wp\/v2\/users\/13"}],"replies":[{"embeddable":true,"href":"https:\/\/www.ecowas.int\/index.php?rest_route=%2Fwp%2Fv2%2Fcomments&post=691"}],"version-history":[{"count":15,"href":"https:\/\/www.ecowas.int\/index.php?rest_route=\/wp\/v2\/pages\/691\/revisions"}],"predecessor-version":[{"id":69947,"href":"https:\/\/www.ecowas.int\/index.php?rest_route=\/wp\/v2\/pages\/691\/revisions\/69947"}],"wp:attachment":[{"href":"https:\/\/www.ecowas.int\/index.php?rest_route=%2Fwp%2Fv2%2Fmedia&parent=691"}],"curies":[{"name":"wp","href":"https:\/\/api.w.org\/{rel}","templated":true}]}}