{"id":690,"date":"2014-11-11T21:28:23","date_gmt":"2014-11-11T21:28:23","guid":{"rendered":"http:\/\/www.ecowas.int\/?page_id=690"},"modified":"2022-10-25T06:41:44","modified_gmt":"2022-10-25T06:41:44","slug":"member-states","status":"publish","type":"page","link":"https:\/\/www.ecowas.int\/?page_id=690&lang=fr","title":{"rendered":"Etats Membres"},"content":{"rendered":"<p>La Communaut\u00e9 \u00e9conomique des \u00c9tats d&#8217;Afrique de l&#8217;Ouest (CEDEAO) est compos\u00e9e de quinze pays membres situ\u00e9s dans la r\u00e9gion de l&#8217;Afrique occidentale. Ces pays ont des liens culturels et g\u00e9opolitiques et partagent des int\u00e9r\u00eats \u00e9conomiques communs. La r\u00e9gion de l&#8217;Afrique de l&#8217;Ouest est situ\u00e9e \u00e0 l&#8217;ouest de l&#8217;axe nord-sud, \u00e0 proximit\u00e9 de 10\u00b0 de longitude est.<\/p>\n<p>L&#8217;oc\u00e9an Atlantique forme les fronti\u00e8res ouest et sud de la r\u00e9gion de l&#8217;Afrique de l&#8217;Ouest. La fronti\u00e8re nord est le d\u00e9sert du Sahara, le coude de Ranishanu \u00e9tant g\u00e9n\u00e9ralement consid\u00e9r\u00e9 comme la partie la plus septentrionale de la r\u00e9gion. La fronti\u00e8re orientale se situe entre la fosse de la B\u00e9nou\u00e9 et une ligne allant du Mont Cameroun au lac Tchad.<\/p>\n<p>Les fronti\u00e8res coloniales se refl\u00e8tent encore dans les fronti\u00e8res modernes entre les \u00c9tats ouest-africains contemporains, traversant les lignes ethniques et culturelles, divisant souvent des groupes ethniques uniques entre deux ou plusieurs \u00c9tats.<\/p>\n<p><a href=\"https:\/\/www.ecowas.int\/wp-content\/uploads\/2021\/04\/06-APRIL-2021-Clean-Database-ECOWAS-Ministers-and-National-Offices.docx\">06 AVRIL 2021- Nettoyage de la base de donn\u00e9es des ministres et bureaux nationaux de la CEDEAO<\/a><\/p>\n<hr \/>\n","protected":false},"excerpt":{"rendered":"<p>La Communaut\u00e9 \u00e9conomique des \u00c9tats d&#8217;Afrique de l&#8217;Ouest (CEDEAO) est compos\u00e9e de quinze pays membres situ\u00e9s dans la r\u00e9gion de l&#8217;Afrique occidentale. Ces pays ont des liens culturels et g\u00e9opolitiques et partagent des int\u00e9r\u00eats \u00e9conomiques communs. La r\u00e9gion de l&#8217;Afrique de l&#8217;Ouest est situ\u00e9e \u00e0 l&#8217;ouest de l&#8217;axe nord-sud, \u00e0 proximit\u00e9 de 10\u00b0 de longitude [&hellip;]<\/p>\n","protected":false},"author":13,"featured_media":0,"parent":0,"menu_order":8,"comment_status":"closed","ping_status":"closed","template":"","meta":{"_acf_changed":false,"footnotes":""},"class_list":["post-690","page","type-page","status-publish","hentry"],"acf":[],"_links":{"self":[{"href":"https:\/\/www.ecowas.int\/index.php?rest_route=\/wp\/v2\/pages\/690","targetHints":{"allow":["GET"]}}],"collection":[{"href":"https:\/\/www.ecowas.int\/index.php?rest_route=\/wp\/v2\/pages"}],"about":[{"href":"https:\/\/www.ecowas.int\/index.php?rest_route=\/wp\/v2\/types\/page"}],"author":[{"embeddable":true,"href":"https:\/\/www.ecowas.int\/index.php?rest_route=\/wp\/v2\/users\/13"}],"replies":[{"embeddable":true,"href":"https:\/\/www.ecowas.int\/index.php?rest_route=%2Fwp%2Fv2%2Fcomments&post=690"}],"version-history":[{"count":22,"href":"https:\/\/www.ecowas.int\/index.php?rest_route=\/wp\/v2\/pages\/690\/revisions"}],"predecessor-version":[{"id":69950,"href":"https:\/\/www.ecowas.int\/index.php?rest_route=\/wp\/v2\/pages\/690\/revisions\/69950"}],"wp:attachment":[{"href":"https:\/\/www.ecowas.int\/index.php?rest_route=%2Fwp%2Fv2%2Fmedia&parent=690"}],"curies":[{"name":"wp","href":"https:\/\/api.w.org\/{rel}","templated":true}]}}