{"id":66835,"date":"2022-09-09T11:44:01","date_gmt":"2022-09-09T11:44:01","guid":{"rendered":"https:\/\/2022.ecowas.int\/?page_id=66835"},"modified":"2022-10-12T11:54:54","modified_gmt":"2022-10-12T11:54:54","slug":"a-propos-de-la-cedeao-3","status":"publish","type":"page","link":"https:\/\/www.ecowas.int\/?page_id=66835&lang=fr","title":{"rendered":"A propos de la CEDEAO"},"content":{"rendered":"<p>La Commission de la Communaut\u00e9 \u00e9conomique des \u00c9tats de l&#8217;Afrique de l&#8217;Ouest (Commission de la CEDEAO), qui avait le statut d\u2019un Secr\u00e9tariat jusqu\u2019en 2007, est une organisation r\u00e9gionale regroupant quinze (15) \u00c9tats membres. Elle est charg\u00e9e de la mise en \u0153uvre de la vision, de la mission et des objectifs de la CEDEAO. La Commission, qui a son si\u00e8ge \u00e0 Abuja, au Nigeria, est dirig\u00e9e par un Pr\u00e9sident, assist\u00e9 d&#8217;une Vice-pr\u00e9sidente et de cinq Commissaires, tous des professionnels exp\u00e9riment\u00e9s qui assurent le leadership en vue de la r\u00e9alisation de la vision des p\u00e8res fondateurs, \u00e0 savoir &#8220;<strong>une r\u00e9gion sans fronti\u00e8res au sein de laquelle les populations ont acc\u00e8s aux ressources abondantes et sont en mesure de les exploiter, gr\u00e2ce \u00e0 la cr\u00e9ation d\u2019opportunit\u00e9s dans un environnement durable<\/strong>&#8220;.<\/p>\n<p>&nbsp;<\/p>\n<p>Le Pr\u00e9sident de la Commission est le Chef de l&#8217;Ex\u00e9cutif de la Communaut\u00e9 et de l\u2019ensemble de ses institutions. La Commission ex\u00e9cute les d\u00e9cisions de la Conf\u00e9rence et assure la mise en application des r\u00e8glements du Conseil des ministres. Elle est \u00e9galement charg\u00e9e de la promotion des programmes et projets de d\u00e9veloppement de la Communaut\u00e9 ainsi que des entreprises multinationales de la r\u00e9gion, de la convocation, en tant que de besoin, des r\u00e9unions des ministres sectoriels pour engager la r\u00e9flexion sur les moyens d\u2019assurer la r\u00e9alisation des objectifs de la Communaut\u00e9. La Commission \u00e9labore, par ailleurs, les projets de budget et les programmes d&#8217;activit\u00e9 de la Communaut\u00e9 et assure la supervision de leur ex\u00e9cution apr\u00e8s leur approbation par le Conseil, outre la soumission de rapports sur les activit\u00e9s de la Communaut\u00e9 \u00e0 toutes les sessions de la Conf\u00e9rence et du Conseil, notamment.<\/p>\n<p>&nbsp;<\/p>\n<p>La Commission de la CEDEAO veille \u00e0 la mise en \u0153uvre des programmes strat\u00e9giques d\u2019importance cruciale, visant \u00e0 favoriser le renforcement de la coh\u00e9sion et l&#8217;\u00e9limination progressive des obstacles \u00e0 l\u2019int\u00e9gration effective de la sous-r\u00e9gion. Ainsi, les 300 millions de citoyens de la Communaut\u00e9 pourront finalement s&#8217;approprier la r\u00e9alisation de la nouvelle Vision qui consiste \u00e0 passer d&#8217;une CEDEAO des Etats \u00e0 une &#8220;<strong>CEDEAO des Peuples : Paix et prosp\u00e9rit\u00e9 pour tous<\/strong>&#8221; \u00e0 l\u2019horizon 2050.<\/p>\n<p>&nbsp;<\/p>\n<p>La Commission se compose de d\u00e9partements et de directions. Elle est une institution multilat\u00e9rale qui emploie des fonctionnaires statutaires, des professionnels et des agents des services g\u00e9n\u00e9raux, provenant de divers horizons culturels, ethniques, nationaux, professionnels, de genre, intellectuels et professionnels. La Commission est charg\u00e9e de r\u00e9aliser la mission, la vision et les objectifs d\u00e9finis dans les protocoles de la CEDEAO, conform\u00e9ment au mandat qui lui est d\u00e9volu par le Trait\u00e9 de 1975, r\u00e9vis\u00e9 en 1993.<\/p>\n","protected":false},"excerpt":{"rendered":"<p>La Commission de la Communaut\u00e9 \u00e9conomique des \u00c9tats de l&#8217;Afrique de l&#8217;Ouest (Commission de la CEDEAO), qui avait le statut d\u2019un Secr\u00e9tariat jusqu\u2019en 2007, est une organisation r\u00e9gionale regroupant quinze (15) \u00c9tats membres. Elle est charg\u00e9e de la mise en \u0153uvre de la vision, de la mission et des objectifs de la CEDEAO. La Commission, [&hellip;]<\/p>\n","protected":false},"author":13,"featured_media":66214,"parent":0,"menu_order":0,"comment_status":"closed","ping_status":"closed","template":"page-templates\/about-page.php","meta":{"_acf_changed":false,"footnotes":""},"class_list":["post-66835","page","type-page","status-publish","has-post-thumbnail","hentry"],"acf":[],"_links":{"self":[{"href":"https:\/\/www.ecowas.int\/index.php?rest_route=\/wp\/v2\/pages\/66835","targetHints":{"allow":["GET"]}}],"collection":[{"href":"https:\/\/www.ecowas.int\/index.php?rest_route=\/wp\/v2\/pages"}],"about":[{"href":"https:\/\/www.ecowas.int\/index.php?rest_route=\/wp\/v2\/types\/page"}],"author":[{"embeddable":true,"href":"https:\/\/www.ecowas.int\/index.php?rest_route=\/wp\/v2\/users\/13"}],"replies":[{"embeddable":true,"href":"https:\/\/www.ecowas.int\/index.php?rest_route=%2Fwp%2Fv2%2Fcomments&post=66835"}],"version-history":[{"count":3,"href":"https:\/\/www.ecowas.int\/index.php?rest_route=\/wp\/v2\/pages\/66835\/revisions"}],"predecessor-version":[{"id":68337,"href":"https:\/\/www.ecowas.int\/index.php?rest_route=\/wp\/v2\/pages\/66835\/revisions\/68337"}],"wp:featuredmedia":[{"embeddable":true,"href":"https:\/\/www.ecowas.int\/index.php?rest_route=\/wp\/v2\/media\/66214"}],"wp:attachment":[{"href":"https:\/\/www.ecowas.int\/index.php?rest_route=%2Fwp%2Fv2%2Fmedia&parent=66835"}],"curies":[{"name":"wp","href":"https:\/\/api.w.org\/{rel}","templated":true}]}}