{"id":66833,"date":"2022-09-09T11:44:01","date_gmt":"2022-09-09T11:44:01","guid":{"rendered":"https:\/\/2022.ecowas.int\/?page_id=66833"},"modified":"2022-10-12T11:55:18","modified_gmt":"2022-10-12T11:55:18","slug":"sobre-a-comissao","status":"publish","type":"page","link":"https:\/\/www.ecowas.int\/?page_id=66833&lang=pt-pt","title":{"rendered":"Sobre a Comiss\u00e3o"},"content":{"rendered":"<p>A Comiss\u00e3o da Comunidade Econ\u00f3mica dos Estados da \u00c1frica Ocidental (Comiss\u00e3o da CEDEAO) foi transformada a partir de um Secretariado da CEDEAO em 2007, implementando a vis\u00e3o, miss\u00e3o e objetivos da CEDEAO como um agrupamento regional de quinze (15) Estados Membros. Com sede em Abuja, na Nig\u00e9ria, a Comiss\u00e3o \u00e9 chefiada pelo Presidente, assistido por um Vice-Presidente e cinco Comiss\u00e1rios, um corpo de profissionais experientes que est\u00e3o na lideran\u00e7a para alcan\u00e7ar a vis\u00e3o dos pais fundadores de <strong>&#8220;uma regi\u00e3o sem fronteiras onde a popula\u00e7\u00e3o tem acesso aos seus recursos abundantes e \u00e9 capaz de os explorar atrav\u00e9s da cria\u00e7\u00e3o de oportunidades num ambiente sustent\u00e1vel&#8221;.<\/strong><\/p>\n<p>&nbsp;<\/p>\n<p>O Presidente da Comiss\u00e3o \u00e9 o Diretor Executivo da Comunidade e de todas as suas Institui\u00e7\u00f5es. A Comiss\u00e3o executa as decis\u00f5es tomadas pela Confer\u00eancia e a aplica\u00e7\u00e3o dos Regulamentos do Conselho. A Comiss\u00e3o \u00e9 igualmente respons\u00e1vel pela promo\u00e7\u00e3o de programas e projetos de desenvolvimento comunit\u00e1rios , bem como das empresas multinacionais da regi\u00e3o, convocando, quando necess\u00e1rio, reuni\u00f5es de ministros sectoriais para examinar as quest\u00f5es sectoriais que promovam a realiza\u00e7\u00e3o dos objetivos da Comunidade, a elabora\u00e7\u00e3o de projetos de or\u00e7amentos e programas de atividade da Comunidade e a supervis\u00e3o da sua execu\u00e7\u00e3o aquando da sua aprova\u00e7\u00e3o pelo Conselho, apresenta\u00e7\u00e3o de relat\u00f3rios sobre as atividades comunit\u00e1rias em todas as reuni\u00f5es da Confer\u00eancia e do Conselho, entre outras.<\/p>\n<p>&nbsp;<\/p>\n<p>A Comiss\u00e3o da CEDEAO est\u00e1 preocupada com a implementa\u00e7\u00e3o de programas cr\u00edticos e estrat\u00e9gicos que aprofundar\u00e3o a coes\u00e3o e eliminar\u00e3o progressivamente os obst\u00e1culos que previnem uma integra\u00e7\u00e3o plena . Desta forma, os estimados 300 milh\u00f5es de cidad\u00e3os da comunidade podem, em \u00faltima an\u00e1lise, apropriar-se da concretiza\u00e7\u00e3o da nova vis\u00e3o de passar de uma CEDEAO de Estados para uma <strong>&#8220;CEDEAO dos Povos: Paz e Prosperidade para Todos&#8221;<\/strong> at\u00e9 2050.<\/p>\n<p>&nbsp;<\/p>\n<p>A Comiss\u00e3o est\u00e1 agrupada em departamentos e dire\u00e7\u00f5es, \u00e9 uma institui\u00e7\u00e3o multilateral com funcion\u00e1rios a n\u00edvel estatut\u00e1rio, profissional e geral, de diversas origens culturais, \u00e9tnicas, nacionais, profissionais, g\u00e9nero, intelectuais e profissionais, incumbidas de concretizar a miss\u00e3o, vis\u00e3o e objetivos estabelecidos ao abrigo dos Protocolos da CEDEAO, para ajudar a cumprir o mandato ao abrigo do Tratado da CEDEAO de 1975, revisto em 1993.<\/p>\n<p>&nbsp;<\/p>\n","protected":false},"excerpt":{"rendered":"<p>A Comiss\u00e3o da Comunidade Econ\u00f3mica dos Estados da \u00c1frica Ocidental (Comiss\u00e3o da CEDEAO) foi transformada a partir de um Secretariado da CEDEAO em 2007, implementando a vis\u00e3o, miss\u00e3o e objetivos da CEDEAO como um agrupamento regional de quinze (15) Estados Membros. Com sede em Abuja, na Nig\u00e9ria, a Comiss\u00e3o \u00e9 chefiada pelo Presidente, assistido por [&hellip;]<\/p>\n","protected":false},"author":13,"featured_media":66215,"parent":0,"menu_order":0,"comment_status":"closed","ping_status":"closed","template":"page-templates\/about-page.php","meta":{"_acf_changed":false,"footnotes":""},"class_list":["post-66833","page","type-page","status-publish","has-post-thumbnail","hentry"],"acf":[],"_links":{"self":[{"href":"https:\/\/www.ecowas.int\/index.php?rest_route=\/wp\/v2\/pages\/66833","targetHints":{"allow":["GET"]}}],"collection":[{"href":"https:\/\/www.ecowas.int\/index.php?rest_route=\/wp\/v2\/pages"}],"about":[{"href":"https:\/\/www.ecowas.int\/index.php?rest_route=\/wp\/v2\/types\/page"}],"author":[{"embeddable":true,"href":"https:\/\/www.ecowas.int\/index.php?rest_route=\/wp\/v2\/users\/13"}],"replies":[{"embeddable":true,"href":"https:\/\/www.ecowas.int\/index.php?rest_route=%2Fwp%2Fv2%2Fcomments&post=66833"}],"version-history":[{"count":3,"href":"https:\/\/www.ecowas.int\/index.php?rest_route=\/wp\/v2\/pages\/66833\/revisions"}],"predecessor-version":[{"id":68338,"href":"https:\/\/www.ecowas.int\/index.php?rest_route=\/wp\/v2\/pages\/66833\/revisions\/68338"}],"wp:featuredmedia":[{"embeddable":true,"href":"https:\/\/www.ecowas.int\/index.php?rest_route=\/wp\/v2\/media\/66215"}],"wp:attachment":[{"href":"https:\/\/www.ecowas.int\/index.php?rest_route=%2Fwp%2Fv2%2Fmedia&parent=66833"}],"curies":[{"name":"wp","href":"https:\/\/api.w.org\/{rel}","templated":true}]}}