{"id":63908,"date":"2022-08-21T20:06:55","date_gmt":"2022-08-21T20:06:55","guid":{"rendered":"https:\/\/2022.ecowas.int\/?page_id=63908"},"modified":"2022-09-14T20:02:31","modified_gmt":"2022-09-14T20:02:31","slug":"conseil-de-mediation-et-de-securite","status":"publish","type":"page","link":"https:\/\/www.ecowas.int\/?page_id=63908&lang=fr","title":{"rendered":"Conseil de M\u00e9diation et de S\u00e9curit\u00e9"},"content":{"rendered":"","protected":false},"excerpt":{"rendered":"","protected":false},"author":13,"featured_media":0,"parent":0,"menu_order":0,"comment_status":"closed","ping_status":"closed","template":"page-templates\/about-page.php","meta":{"_acf_changed":false,"footnotes":""},"class_list":["post-63908","page","type-page","status-publish","hentry"],"acf":[],"_links":{"self":[{"href":"https:\/\/www.ecowas.int\/index.php?rest_route=\/wp\/v2\/pages\/63908","targetHints":{"allow":["GET"]}}],"collection":[{"href":"https:\/\/www.ecowas.int\/index.php?rest_route=\/wp\/v2\/pages"}],"about":[{"href":"https:\/\/www.ecowas.int\/index.php?rest_route=\/wp\/v2\/types\/page"}],"author":[{"embeddable":true,"href":"https:\/\/www.ecowas.int\/index.php?rest_route=\/wp\/v2\/users\/13"}],"replies":[{"embeddable":true,"href":"https:\/\/www.ecowas.int\/index.php?rest_route=%2Fwp%2Fv2%2Fcomments&post=63908"}],"version-history":[{"count":3,"href":"https:\/\/www.ecowas.int\/index.php?rest_route=\/wp\/v2\/pages\/63908\/revisions"}],"predecessor-version":[{"id":67079,"href":"https:\/\/www.ecowas.int\/index.php?rest_route=\/wp\/v2\/pages\/63908\/revisions\/67079"}],"wp:attachment":[{"href":"https:\/\/www.ecowas.int\/index.php?rest_route=%2Fwp%2Fv2%2Fmedia&parent=63908"}],"curies":[{"name":"wp","href":"https:\/\/api.w.org\/{rel}","templated":true}]}}