{"id":63879,"date":"2022-08-21T20:06:55","date_gmt":"2022-08-21T20:06:55","guid":{"rendered":"https:\/\/2022.ecowas.int\/?page_id=63879"},"modified":"2022-08-23T19:12:52","modified_gmt":"2022-08-23T19:12:52","slug":"conseil-de-mediation-et-de-securite","status":"publish","type":"page","link":"https:\/\/www.ecowas.int\/?page_id=63879&lang=pt-pt","title":{"rendered":"Media\u00e7\u00e3o e Conselho de Seguran\u00e7a"},"content":{"rendered":"","protected":false},"excerpt":{"rendered":"","protected":false},"author":13,"featured_media":0,"parent":0,"menu_order":0,"comment_status":"closed","ping_status":"closed","template":"page-templates\/about-page.php","meta":{"_acf_changed":false,"footnotes":""},"class_list":["post-63879","page","type-page","status-publish","hentry"],"acf":[],"_links":{"self":[{"href":"https:\/\/www.ecowas.int\/index.php?rest_route=\/wp\/v2\/pages\/63879","targetHints":{"allow":["GET"]}}],"collection":[{"href":"https:\/\/www.ecowas.int\/index.php?rest_route=\/wp\/v2\/pages"}],"about":[{"href":"https:\/\/www.ecowas.int\/index.php?rest_route=\/wp\/v2\/types\/page"}],"author":[{"embeddable":true,"href":"https:\/\/www.ecowas.int\/index.php?rest_route=\/wp\/v2\/users\/13"}],"replies":[{"embeddable":true,"href":"https:\/\/www.ecowas.int\/index.php?rest_route=%2Fwp%2Fv2%2Fcomments&post=63879"}],"version-history":[{"count":2,"href":"https:\/\/www.ecowas.int\/index.php?rest_route=\/wp\/v2\/pages\/63879\/revisions"}],"predecessor-version":[{"id":63881,"href":"https:\/\/www.ecowas.int\/index.php?rest_route=\/wp\/v2\/pages\/63879\/revisions\/63881"}],"wp:attachment":[{"href":"https:\/\/www.ecowas.int\/index.php?rest_route=%2Fwp%2Fv2%2Fmedia&parent=63879"}],"curies":[{"name":"wp","href":"https:\/\/api.w.org\/{rel}","templated":true}]}}