{"id":63871,"date":"2022-08-21T20:05:56","date_gmt":"2022-08-21T20:05:56","guid":{"rendered":"https:\/\/2022.ecowas.int\/?page_id=63871"},"modified":"2022-10-12T11:52:23","modified_gmt":"2022-10-12T11:52:23","slug":"autorite-des-chefs-detat","status":"publish","type":"page","link":"https:\/\/www.ecowas.int\/?page_id=63871&lang=fr","title":{"rendered":"La Conf\u00e9rence des Chefs d&#8217;Etat et de Gouvernement."},"content":{"rendered":"<p>La Conf\u00e9rence des Chefs d&#8217;Etat et de Gouvernement de la CEDEAO est l&#8217;institution supr\u00eame de la Communaut\u00e9. Elle d\u00e9finit les orientations, assure le contr\u00f4le des activit\u00e9s de la Communaut\u00e9 et prend toutes mesures n\u00e9cessaires au d\u00e9veloppement progressif de celle-ci, ainsi qu\u2019\u00e0 la r\u00e9alisation de ses objectifs.<\/p>\n<p>&nbsp;<\/p>\n<p>La Conf\u00e9rence est \u00e9galement charg\u00e9e de d\u00e9terminer la politique g\u00e9n\u00e9rale de la Communaut\u00e9, de donner des directives, ainsi que d\u2019harmoniser et de coordonner les politiques \u00e9conomiques, scientifiques, techniques, culturelles et sociales des \u00c9tats membres. Elle assure le contr\u00f4le du fonctionnement des institutions de la Communaut\u00e9, ainsi que le suivi de la r\u00e9alisation des objectifs de celle-ci.<\/p>\n<p>&nbsp;<\/p>\n<p>Elle nomme le Pr\u00e9sident de la Commission, conform\u00e9ment aux dispositions du Trait\u00e9 r\u00e9vis\u00e9.<\/p>\n<p>&nbsp;<\/p>\n<p>La pr\u00e9sidence de la Conf\u00e9rence est assur\u00e9e chaque ann\u00e9e par un Etat membre \u00e9lu par la Conf\u00e9rence.<\/p>\n<p>&nbsp;<\/p>\n<p>La Conf\u00e9rence agit par voie de d\u00e9cisions, celles-ci \u00e9tant prises, selon le sujet consid\u00e9r\u00e9, \u00e0 l&#8217;unanimit\u00e9, par consensus ou \u00e0 la majorit\u00e9 des deux tiers des Etats membres. Les d\u00e9cisions de la Conf\u00e9rence sont contraignantes pour les \u00c9tats membres et les institutions de la Communaut\u00e9.<\/p>\n","protected":false},"excerpt":{"rendered":"<p>La Conf\u00e9rence des Chefs d&#8217;Etat et de Gouvernement de la CEDEAO est l&#8217;institution supr\u00eame de la Communaut\u00e9. Elle d\u00e9finit les orientations, assure le contr\u00f4le des activit\u00e9s de la Communaut\u00e9 et prend toutes mesures n\u00e9cessaires au d\u00e9veloppement progressif de celle-ci, ainsi qu\u2019\u00e0 la r\u00e9alisation de ses objectifs. &nbsp; La Conf\u00e9rence est \u00e9galement charg\u00e9e de d\u00e9terminer la [&hellip;]<\/p>\n","protected":false},"author":13,"featured_media":0,"parent":0,"menu_order":0,"comment_status":"closed","ping_status":"closed","template":"page-templates\/about-page.php","meta":{"_acf_changed":false,"footnotes":""},"class_list":["post-63871","page","type-page","status-publish","hentry"],"acf":[],"_links":{"self":[{"href":"https:\/\/www.ecowas.int\/index.php?rest_route=\/wp\/v2\/pages\/63871","targetHints":{"allow":["GET"]}}],"collection":[{"href":"https:\/\/www.ecowas.int\/index.php?rest_route=\/wp\/v2\/pages"}],"about":[{"href":"https:\/\/www.ecowas.int\/index.php?rest_route=\/wp\/v2\/types\/page"}],"author":[{"embeddable":true,"href":"https:\/\/www.ecowas.int\/index.php?rest_route=\/wp\/v2\/users\/13"}],"replies":[{"embeddable":true,"href":"https:\/\/www.ecowas.int\/index.php?rest_route=%2Fwp%2Fv2%2Fcomments&post=63871"}],"version-history":[{"count":6,"href":"https:\/\/www.ecowas.int\/index.php?rest_route=\/wp\/v2\/pages\/63871\/revisions"}],"predecessor-version":[{"id":68334,"href":"https:\/\/www.ecowas.int\/index.php?rest_route=\/wp\/v2\/pages\/63871\/revisions\/68334"}],"wp:attachment":[{"href":"https:\/\/www.ecowas.int\/index.php?rest_route=%2Fwp%2Fv2%2Fmedia&parent=63871"}],"curies":[{"name":"wp","href":"https:\/\/api.w.org\/{rel}","templated":true}]}}