{"id":62841,"date":"2022-07-29T14:07:16","date_gmt":"2022-07-29T14:07:16","guid":{"rendered":"http:\/\/192.168.1.181\/eco2\/careers\/"},"modified":"2025-10-24T10:30:17","modified_gmt":"2025-10-24T10:30:17","slug":"careers","status":"publish","type":"page","link":"https:\/\/www.ecowas.int\/?page_id=62841&lang=pt-pt","title":{"rendered":"Carreiras da CEDEAO"},"content":{"rendered":"<p>Criado em 28 de maio de 1975, a Comunidade Econ\u00f3mica dos Estados da \u00c1frica Ocidental (CEDEAO) \u00e9 uma organiza\u00e7\u00e3o regional intergovernamental que compreende os seguintes (12) Estados-Membros: Benin, Cabo Verde, C\u00f4te d\u2019 Ivoire, G\u00e2mbia, Gana , Guin\u00e9, Guin\u00e9-Bissau, Lib\u00e9ria, Nig\u00e9ria, Senegal, Serra Leoa e Togo. Sua sede administrativa est\u00e1 em Abuja, Nig\u00e9ria e as l\u00ednguas de trabalho s\u00e3o: Ingl\u00eas, franc\u00eas e portugu\u00eas.<\/p>\n<p>Tendo em vista a implementa\u00e7\u00e3o efetiva dos seus programas sectoriais, as institui\u00e7\u00f5es e ag\u00eancias especializadas, tais como o Tribunal de Justi\u00e7a da Comunidade, o Parlamento da CEDEAO, a Organiza\u00e7\u00e3o Oeste Africana da Sa\u00fade (OOAS) e o Grupo de A\u00e7\u00e3o Intergovernamental contra o Branqueamento de Capitais na Africa Ocidental (GIABA) desejam recrutar candidatos competentes, qualificados e nacionais dos Estados-membros da CEDEAO, nas seguintes \u00e1reas:<\/p>\n<ul>\n<li><i><em>Administra\u00e7\u00e3o Geral, Confer\u00eancias, Finan\u00e7as; Gest\u00e3o de Recursos Humanos,<\/em><\/i><\/li>\n<li><em>Pol\u00edticas Macroecon\u00f3micas, Investiga\u00e7\u00e3o Econ\u00f3mica, Infraestruturas,<\/em><\/li>\n<li><em>Com\u00e9rcio, Alfandegas, Livre Circula\u00e7\u00e3o, Ind\u00fastria e Promo\u00e7\u00e3o do Setor Privado<\/em><\/li>\n<li><em>Agricultura, Ambiente, Recursos Naturais, Sa\u00fade, Sa\u00fade Animal<\/em><\/li>\n<li><em>Assuntos Pol\u00edticos, Paz, Seguran\u00e7a, Assuntos Sociais e G\u00e9nero<\/em><\/li>\n<li><em>Educa\u00e7\u00e3o, Ci\u00eancia e Cultura, Juventude e Desenvolvimento Desportivo<\/em><\/li>\n<li><em>Telecomunica\u00e7\u00f5es e Tecnologia da Informa\u00e7\u00e3o<\/em><\/li>\n<li><em>Branqueamento de Capitais e Financiamento do Terrorismo<\/em><\/li>\n<li><em>Rela\u00e7\u00f5es Internacionais\/Diplomacia, Assuntos Jur\u00eddicos<\/em><\/li>\n<li><em>Seguimento e Avalia\u00e7\u00e3o, Gest\u00e3o Estrat\u00e9gica, Planeamento Estrat\u00e9gico<\/em><\/li>\n<li><em>Minas, Energia, Energias Renov\u00e1veis, Efici\u00eancia Energ\u00e9tica<\/em><\/li>\n<li><em>Auditoria Interna<\/em><\/li>\n<\/ul>\n","protected":false},"excerpt":{"rendered":"<p>Criado em 28 de maio de 1975, a Comunidade Econ\u00f3mica dos Estados da \u00c1frica Ocidental (CEDEAO) \u00e9 uma organiza\u00e7\u00e3o regional intergovernamental que compreende os seguintes (12) Estados-Membros: Benin, Cabo Verde, C\u00f4te d\u2019 Ivoire, G\u00e2mbia, Gana , Guin\u00e9, Guin\u00e9-Bissau, Lib\u00e9ria, Nig\u00e9ria, Senegal, Serra Leoa e Togo. Sua sede administrativa est\u00e1 em Abuja, Nig\u00e9ria e as l\u00ednguas [&hellip;]<\/p>\n","protected":false},"author":13,"featured_media":66251,"parent":0,"menu_order":0,"comment_status":"closed","ping_status":"closed","template":"","meta":{"_acf_changed":false,"footnotes":""},"class_list":["post-62841","page","type-page","status-publish","has-post-thumbnail","hentry"],"acf":[],"_links":{"self":[{"href":"https:\/\/www.ecowas.int\/index.php?rest_route=\/wp\/v2\/pages\/62841","targetHints":{"allow":["GET"]}}],"collection":[{"href":"https:\/\/www.ecowas.int\/index.php?rest_route=\/wp\/v2\/pages"}],"about":[{"href":"https:\/\/www.ecowas.int\/index.php?rest_route=\/wp\/v2\/types\/page"}],"author":[{"embeddable":true,"href":"https:\/\/www.ecowas.int\/index.php?rest_route=\/wp\/v2\/users\/13"}],"replies":[{"embeddable":true,"href":"https:\/\/www.ecowas.int\/index.php?rest_route=%2Fwp%2Fv2%2Fcomments&post=62841"}],"version-history":[{"count":16,"href":"https:\/\/www.ecowas.int\/index.php?rest_route=\/wp\/v2\/pages\/62841\/revisions"}],"predecessor-version":[{"id":121712,"href":"https:\/\/www.ecowas.int\/index.php?rest_route=\/wp\/v2\/pages\/62841\/revisions\/121712"}],"wp:featuredmedia":[{"embeddable":true,"href":"https:\/\/www.ecowas.int\/index.php?rest_route=\/wp\/v2\/media\/66251"}],"wp:attachment":[{"href":"https:\/\/www.ecowas.int\/index.php?rest_route=%2Fwp%2Fv2%2Fmedia&parent=62841"}],"curies":[{"name":"wp","href":"https:\/\/api.w.org\/{rel}","templated":true}]}}