{"id":62263,"date":"2022-08-12T14:15:38","date_gmt":"2022-08-12T14:15:38","guid":{"rendered":"http:\/\/192.168.1.181\/eco2\/?page_id=62263"},"modified":"2025-07-07T08:46:45","modified_gmt":"2025-07-07T08:46:45","slug":"le-president-de-lautorite","status":"publish","type":"page","link":"https:\/\/www.ecowas.int\/?page_id=62263&lang=fr","title":{"rendered":"Le pr\u00e9sident de l&#8217;Autorit\u00e9"},"content":{"rendered":"<p>&nbsp;<\/p>\n<p style=\"text-align: center;\"><strong>S.E. Julius Maada Bio, Pr\u00e9sident de la R\u00e9publique de Sierra Leone et Pr\u00e9sident de la Conf\u00e9rence des chefs d&#8217;\u00c9tat et de gouvernement de la CEDEAO<\/strong><\/p>\n<p><img loading=\"lazy\" decoding=\"async\" class=\"aligncenter wp-image-117510\" src=\"https:\/\/www.ecowas.int\/wp-content\/uploads\/2025\/07\/His-Excellency-Julius-Maada-Bio-853x1024.jpeg\" alt=\"\" width=\"280\" height=\"336\" srcset=\"https:\/\/www.ecowas.int\/wp-content\/uploads\/2025\/07\/His-Excellency-Julius-Maada-Bio-853x1024.jpeg 853w, https:\/\/www.ecowas.int\/wp-content\/uploads\/2025\/07\/His-Excellency-Julius-Maada-Bio-250x300.jpeg 250w, https:\/\/www.ecowas.int\/wp-content\/uploads\/2025\/07\/His-Excellency-Julius-Maada-Bio-768x922.jpeg 768w, https:\/\/www.ecowas.int\/wp-content\/uploads\/2025\/07\/His-Excellency-Julius-Maada-Bio-229x275.jpeg 229w, https:\/\/www.ecowas.int\/wp-content\/uploads\/2025\/07\/His-Excellency-Julius-Maada-Bio-233x280.jpeg 233w, https:\/\/www.ecowas.int\/wp-content\/uploads\/2025\/07\/His-Excellency-Julius-Maada-Bio.jpeg 900w\" sizes=\"auto, (max-width: 280px) 100vw, 280px\" \/><\/p>\n<p><strong>BR\u00c8VE BIOGRAPHIE<\/strong><\/p>\n<p>Son Excellence Julius Maada Bio, pr\u00e9sident de la R\u00e9publique de Sierra Leone et pr\u00e9sident de l&#8217;Autorit\u00e9 des chefs d&#8217;\u00c9tat et de gouvernement de la CEDEAO<\/p>\n<p>N\u00e9 le 12 mai 1964 \u00e0 Tihun, dans la chefferie de Sogbini, district de Bonthe, Son Excellence Julius Maada Bio est le 5e pr\u00e9sident de la R\u00e9publique de Sierra Leone. En juin 2023, il a \u00e9t\u00e9 r\u00e9\u00e9lu pour un second mandat apr\u00e8s avoir remport\u00e9 la victoire avec plus de 56 % des voix. Sous sa direction, la Sierra Leone a r\u00e9alis\u00e9 des progr\u00e8s remarquables. Il a \u00e9largi l&#8217;acc\u00e8s \u00e0 l&#8217;\u00e9ducation \u00e0 plus d&#8217;un million de nouveaux apprenants gr\u00e2ce au programme d&#8217;\u00e9ducation scolaire gratuite et de qualit\u00e9 ; il a am\u00e9lior\u00e9 l&#8217;acc\u00e8s \u00e0 l&#8217;\u00e9nergie et aux soins de sant\u00e9, augment\u00e9 l&#8217;acc\u00e8s \u00e0 l&#8217;approvisionnement en eau et r\u00e9alis\u00e9 des progr\u00e8s significatifs dans la lutte contre la corruption. Pour son deuxi\u00e8me mandat, S.E. Julius Maada Bio a fait de la s\u00e9curit\u00e9 alimentaire son programme phare en Sierra Leone.<\/p>\n<p>S.E. Julius Maada Bio a mis en place d&#8217;importantes r\u00e9formes de gouvernance en Sierra Leone. Il a abrog\u00e9 une loi sur la diffamation s\u00e9ditieuse vieille de 55 ans, aboli la peine de mort, promulgu\u00e9 la loi sur l&#8217;\u00e9galit\u00e9 des sexes et l&#8217;autonomisation des femmes qui garantit une repr\u00e9sentation de 30 % des femmes dans la gouvernance, et promulgu\u00e9 la loi sur l&#8217;interdiction du mariage des enfants qui criminalise le mariage de toute personne \u00e2g\u00e9e de moins de 18 ans.<\/p>\n<p>Lors de la 67e session ordinaire de la Conf\u00e9rence des chefs d&#8217;\u00c9tat et de gouvernement de la CEDEAO, qui s&#8217;est tenue le 22 juin 2025, S.E. Julius Maada Bio a \u00e9t\u00e9 \u00e9lu pr\u00e9sident de la Conf\u00e9rence des chefs d&#8217;\u00c9tat et de gouvernement pour une p\u00e9riode d&#8217;un an. En tant que pr\u00e9sident, il a donn\u00e9 la priorit\u00e9 \u00e0 quatre domaines cl\u00e9s : le r\u00e9tablissement de l&#8217;ordre constitutionnel et l&#8217;approfondissement de la d\u00e9mocratie ; la revitalisation de la coop\u00e9ration r\u00e9gionale en mati\u00e8re de s\u00e9curit\u00e9 ; le d\u00e9blocage de l&#8217;int\u00e9gration \u00e9conomique ; et le renforcement de la cr\u00e9dibilit\u00e9 institutionnelle.<\/p>\n<p>Avant son \u00e9lection \u00e0 la pr\u00e9sidence, S.E. Julius Maada Bio a fait preuve d&#8217;un leadership mondial remarquable. En 2022, il a copr\u00e9sid\u00e9 le Sommet sur la transformation de l&#8217;\u00e9ducation aux c\u00f4t\u00e9s du secr\u00e9taire g\u00e9n\u00e9ral des Nations unies, Ant\u00f3nio Guterres. Il a exerc\u00e9 un mandat de deux ans (2022-2024) en tant que pr\u00e9sident du Forum africain d&#8217;\u00e9valuation par les pairs des chefs d&#8217;\u00c9tat et de gouvernement. Sous sa direction, la Sierra Leone a \u00e9t\u00e9 \u00e9lue membre non permanent du Conseil de s\u00e9curit\u00e9 des Nations unies pour la p\u00e9riode 2024-2025, obtenant les voix de 188 des 192 \u00c9tats membres. En ao\u00fbt 2024, S.E. Julius Maada Bio a pr\u00e9sid\u00e9 le Conseil de s\u00e9curit\u00e9 des Nations unies et a men\u00e9 un d\u00e9bat historique sur la r\u00e9forme du Conseil de s\u00e9curit\u00e9.<\/p>\n<p>S.E. Julius Maada Bio est l&#8217;actuel coordinateur du Comit\u00e9 des dix chefs d&#8217;\u00c9tat et de gouvernement de l&#8217;Union africaine pour la r\u00e9forme du Conseil de s\u00e9curit\u00e9 des Nations unies. Sous sa direction, la Sierra Leone est membre \u00e9lu du Conseil de paix et de s\u00e9curit\u00e9 (CPS) de l&#8217;Union africaine pour la p\u00e9riode 2024-2026 et du Conseil \u00e9conomique et social des Nations unies pour la p\u00e9riode 2026-2028.<\/p>\n<p>S.E. Julius Maada Bio a re\u00e7u de nombreuses distinctions pour son leadership exceptionnel sur la sc\u00e8ne nationale et internationale.<\/p>\n<p>En 2022, il a \u00e9t\u00e9 nomm\u00e9 \u00ab Africain de l&#8217;ann\u00e9e \u00bb lors de la 11e \u00e9dition de l&#8217;\u00e9v\u00e9nement African Leadership Persons of the Year. En 2023, il a \u00e9t\u00e9 c\u00e9l\u00e9br\u00e9 comme \u00ab Pr\u00e9sident africain de l&#8217;ann\u00e9e \u00bb lors du 8e Sommet politique annuel de Londres et de la remise des prix. En 2024, l&#8217;Association am\u00e9ricaine de politique \u00e9trang\u00e8re a d\u00e9cern\u00e9 \u00e0 S.E. Julius Maada Bio sa prestigieuse m\u00e9daille de l&#8217;Association de politique \u00e9trang\u00e8re lors du d\u00eener du Forum mondial sur le leadership.<\/p>\n<p>En f\u00e9vrier 2025, il a re\u00e7u deux prestigieuses distinctions africaines : le prix African HeForShe Champion of the Year 2024 et le Presidential African Intelligence Award 2024.<\/p>\n<p>S.E. Julius Maada Bio est mari\u00e9 \u00e0 la Premi\u00e8re dame Fatima Maada Bio, actuelle pr\u00e9sidente de l&#8217;Organisation des Premi\u00e8res dames africaines pour le d\u00e9veloppement (OAFLAD).<\/p>\n<p>&nbsp;<\/p>\n","protected":false},"excerpt":{"rendered":"<p>&nbsp; S.E. Julius Maada Bio, Pr\u00e9sident de la R\u00e9publique de Sierra Leone et Pr\u00e9sident de la Conf\u00e9rence des chefs d&#8217;\u00c9tat et de gouvernement de la CEDEAO BR\u00c8VE BIOGRAPHIE Son Excellence Julius Maada Bio, pr\u00e9sident de la R\u00e9publique de Sierra Leone et pr\u00e9sident de l&#8217;Autorit\u00e9 des chefs d&#8217;\u00c9tat et de gouvernement de la CEDEAO N\u00e9 le [&hellip;]<\/p>\n","protected":false},"author":13,"featured_media":117510,"parent":0,"menu_order":0,"comment_status":"closed","ping_status":"closed","template":"page-templates\/about-page.php","meta":{"_acf_changed":false,"footnotes":""},"class_list":["post-62263","page","type-page","status-publish","has-post-thumbnail","hentry"],"acf":[],"_links":{"self":[{"href":"https:\/\/www.ecowas.int\/index.php?rest_route=\/wp\/v2\/pages\/62263","targetHints":{"allow":["GET"]}}],"collection":[{"href":"https:\/\/www.ecowas.int\/index.php?rest_route=\/wp\/v2\/pages"}],"about":[{"href":"https:\/\/www.ecowas.int\/index.php?rest_route=\/wp\/v2\/types\/page"}],"author":[{"embeddable":true,"href":"https:\/\/www.ecowas.int\/index.php?rest_route=\/wp\/v2\/users\/13"}],"replies":[{"embeddable":true,"href":"https:\/\/www.ecowas.int\/index.php?rest_route=%2Fwp%2Fv2%2Fcomments&post=62263"}],"version-history":[{"count":15,"href":"https:\/\/www.ecowas.int\/index.php?rest_route=\/wp\/v2\/pages\/62263\/revisions"}],"predecessor-version":[{"id":117515,"href":"https:\/\/www.ecowas.int\/index.php?rest_route=\/wp\/v2\/pages\/62263\/revisions\/117515"}],"wp:featuredmedia":[{"embeddable":true,"href":"https:\/\/www.ecowas.int\/index.php?rest_route=\/wp\/v2\/media\/117510"}],"wp:attachment":[{"href":"https:\/\/www.ecowas.int\/index.php?rest_route=%2Fwp%2Fv2%2Fmedia&parent=62263"}],"curies":[{"name":"wp","href":"https:\/\/api.w.org\/{rel}","templated":true}]}}