{"id":61832,"date":"2022-08-09T01:10:20","date_gmt":"2022-08-09T01:10:20","guid":{"rendered":"http:\/\/192.168.1.181\/eco2\/?page_id=61832"},"modified":"2022-09-14T21:00:50","modified_gmt":"2022-09-14T21:00:50","slug":"procurement","status":"publish","type":"page","link":"https:\/\/www.ecowas.int\/?page_id=61832&lang=fr","title":{"rendered":"Passation de march\u00e9s"},"content":{"rendered":"<p>La CEDEAO utilise le syst\u00e8me de march\u00e9s publics pour se procurer des biens, solliciter une assistance technique, une formation et des services conseils, des services de conf\u00e9rence et des services publicitaires. Elle s\u2019approvisionne \u00e9galement en ouvrages et en mat\u00e9riel TIC.<\/p>\n<p>Les fournisseurs sont choisis \u00e0 travers des appels d\u2019offres qui sont publi\u00e9s par le service des Approvisionnements de la Commission pour le compte des d\u00e9partements, Directions et agences et autres bureaux de la r\u00e9gion.<\/p>\n","protected":false},"excerpt":{"rendered":"<p>La CEDEAO utilise le syst\u00e8me de march\u00e9s publics pour se procurer des biens, solliciter une assistance technique, une formation et des services conseils, des services de conf\u00e9rence et des services publicitaires. Elle s\u2019approvisionne \u00e9galement en ouvrages et en mat\u00e9riel TIC. Les fournisseurs sont choisis \u00e0 travers des appels d\u2019offres qui sont publi\u00e9s par le service [&hellip;]<\/p>\n","protected":false},"author":13,"featured_media":60688,"parent":0,"menu_order":0,"comment_status":"closed","ping_status":"closed","template":"","meta":{"_acf_changed":false,"footnotes":""},"class_list":["post-61832","page","type-page","status-publish","has-post-thumbnail","hentry"],"acf":[],"_links":{"self":[{"href":"https:\/\/www.ecowas.int\/index.php?rest_route=\/wp\/v2\/pages\/61832","targetHints":{"allow":["GET"]}}],"collection":[{"href":"https:\/\/www.ecowas.int\/index.php?rest_route=\/wp\/v2\/pages"}],"about":[{"href":"https:\/\/www.ecowas.int\/index.php?rest_route=\/wp\/v2\/types\/page"}],"author":[{"embeddable":true,"href":"https:\/\/www.ecowas.int\/index.php?rest_route=\/wp\/v2\/users\/13"}],"replies":[{"embeddable":true,"href":"https:\/\/www.ecowas.int\/index.php?rest_route=%2Fwp%2Fv2%2Fcomments&post=61832"}],"version-history":[{"count":7,"href":"https:\/\/www.ecowas.int\/index.php?rest_route=\/wp\/v2\/pages\/61832\/revisions"}],"predecessor-version":[{"id":67099,"href":"https:\/\/www.ecowas.int\/index.php?rest_route=\/wp\/v2\/pages\/61832\/revisions\/67099"}],"wp:featuredmedia":[{"embeddable":true,"href":"https:\/\/www.ecowas.int\/index.php?rest_route=\/wp\/v2\/media\/60688"}],"wp:attachment":[{"href":"https:\/\/www.ecowas.int\/index.php?rest_route=%2Fwp%2Fv2%2Fmedia&parent=61832"}],"curies":[{"name":"wp","href":"https:\/\/api.w.org\/{rel}","templated":true}]}}