{"id":61778,"date":"2022-08-12T15:10:32","date_gmt":"2022-08-12T15:10:32","guid":{"rendered":"http:\/\/192.168.1.181\/eco2\/?page_id=61778"},"modified":"2022-08-15T14:59:02","modified_gmt":"2022-08-15T14:59:02","slug":"hino-da-cedeao","status":"publish","type":"page","link":"https:\/\/www.ecowas.int\/?page_id=61778&lang=pt-pt","title":{"rendered":"Hino da CEDEAO"},"content":{"rendered":"<table>\n<tbody>\n<tr bgcolor=\"#F4F4F4\">\n<td width=\"624\">1. Estados da \u00c1frica Ocidental, frutos da solidariedade hist\u00f3rica,<br \/>\nVenham! Pois unidos \u00e9 que forjar\u00e3o uma economia din\u00e2mica!<br \/>\nEis que livre do jugo, qui\u00e7\u00e1 euf\u00f3rica,<br \/>\nConstitui-se a \u00c1frica Ocidental em Comunidade Econ\u00f3mica!<br \/>\nGloriosos foram os reinos do nosso passado:<br \/>\nV\u00ednculo herdado que jamais cessar\u00e1 de ser renovado!<br \/>\nMist\u00e9rio que n\u00e3o \u00e9,<br \/>\nIr\u00e1s deveras mais al\u00e9m,<br \/>\nDo oceano \u00e0s florestas tropicais h\u00famidas passando por savanas;<br \/>\nA trabalhar de m\u00e3os dadas,<br \/>\nPor maiores ou menores que sejam as p\u00e1trias,<br \/>\nA passos alegres caminhar\u00e1s oh CEDEAO!<\/p>\n<p>2. Havendo paz geral, unidade e justi\u00e7a na sociedade,<br \/>\nRuma-se a culturas integradas e a Liberdade!<br \/>\nA mulheres e jovens cabe criar um risonho futuro,<br \/>\nAbundam recursos humanos e naturais, alicerces do nosso futuro.<br \/>\n\u00c1frica Ocidental, quinze Estados da mesma regi\u00e3o:<br \/>\nFirme e gloriosa ser\u00e1 tamanha uni\u00e3o!<br \/>\nMist\u00e9rio que n\u00e3o \u00e9,<br \/>\nFoste deveras mais al\u00e9m.<br \/>\nDas beira-mares ao deserto, passando por savanas:<br \/>\nPor maiores ou menores que sejam as p\u00e1trias,<br \/>\nTodos de m\u00e3os dadas,<br \/>\nEternos e alegres ser\u00e3o teus passos, oh CEDEAO!<\/td>\n<\/tr>\n<\/tbody>\n<\/table>\n","protected":false},"excerpt":{"rendered":"<p>1. Estados da \u00c1frica Ocidental, frutos da solidariedade hist\u00f3rica, Venham! Pois unidos \u00e9 que forjar\u00e3o uma economia din\u00e2mica! Eis que livre do jugo, qui\u00e7\u00e1 euf\u00f3rica, Constitui-se a \u00c1frica Ocidental em Comunidade Econ\u00f3mica! Gloriosos foram os reinos do nosso passado: V\u00ednculo herdado que jamais cessar\u00e1 de ser renovado! Mist\u00e9rio que n\u00e3o \u00e9, Ir\u00e1s deveras mais al\u00e9m, [&hellip;]<\/p>\n","protected":false},"author":13,"featured_media":0,"parent":0,"menu_order":0,"comment_status":"closed","ping_status":"closed","template":"","meta":{"_acf_changed":false,"footnotes":""},"class_list":["post-61778","page","type-page","status-publish","hentry"],"acf":[],"_links":{"self":[{"href":"https:\/\/www.ecowas.int\/index.php?rest_route=\/wp\/v2\/pages\/61778","targetHints":{"allow":["GET"]}}],"collection":[{"href":"https:\/\/www.ecowas.int\/index.php?rest_route=\/wp\/v2\/pages"}],"about":[{"href":"https:\/\/www.ecowas.int\/index.php?rest_route=\/wp\/v2\/types\/page"}],"author":[{"embeddable":true,"href":"https:\/\/www.ecowas.int\/index.php?rest_route=\/wp\/v2\/users\/13"}],"replies":[{"embeddable":true,"href":"https:\/\/www.ecowas.int\/index.php?rest_route=%2Fwp%2Fv2%2Fcomments&post=61778"}],"version-history":[{"count":1,"href":"https:\/\/www.ecowas.int\/index.php?rest_route=\/wp\/v2\/pages\/61778\/revisions"}],"predecessor-version":[{"id":61782,"href":"https:\/\/www.ecowas.int\/index.php?rest_route=\/wp\/v2\/pages\/61778\/revisions\/61782"}],"wp:attachment":[{"href":"https:\/\/www.ecowas.int\/index.php?rest_route=%2Fwp%2Fv2%2Fmedia&parent=61778"}],"curies":[{"name":"wp","href":"https:\/\/api.w.org\/{rel}","templated":true}]}}