{"id":61769,"date":"2022-08-12T15:10:32","date_gmt":"2022-08-12T15:10:32","guid":{"rendered":"http:\/\/192.168.1.181\/eco2\/?page_id=61769"},"modified":"2022-08-15T14:56:17","modified_gmt":"2022-08-15T14:56:17","slug":"hymne-de-la-cedeao","status":"publish","type":"page","link":"https:\/\/www.ecowas.int\/?page_id=61769&lang=fr","title":{"rendered":"Hymne de la CEDEAO"},"content":{"rendered":"<p><strong>HYMNE DE LA CEDEAO<\/strong><\/p>\n<p>&nbsp;<\/p>\n<ol>\n<li><strong>Etats d\u2019Afrique de l\u2019Ouest, soud\u00e9s par l\u2019histoire,<\/strong><\/li>\n<\/ol>\n<p><strong>Voil\u00e0 que lib\u00e9r\u00e9s des chaines de la captivit\u00e9,<\/strong><\/p>\n<p><strong>Glorieux furent les royaumes du pass\u00e9\u00a0!<\/strong><\/p>\n<p><strong>De myst\u00e8re, point,<\/strong><\/p>\n<p><strong>Ta trajectoire ira loin.<\/strong><\/p>\n<p><strong>De l\u2019oc\u00e9an aux for\u00eats arros\u00e9es et par la savane,<\/strong><\/p>\n<p><strong>\u0152uvrant main dans la main,<\/strong><\/p>\n<p><strong>Grand espace ou petit lopin<\/strong><\/p>\n<p><strong>A pas all\u00e8gres ira la CEDEAO\u00a0!<\/strong><\/p>\n<ol>\n<li><strong>Paix, union et justice dans la soci\u00e9t\u00e9<\/strong><\/li>\n<\/ol>\n<p><strong>Pour des cultures int\u00e9gr\u00e9es et la libert\u00e9 !<\/strong><\/p>\n<p><strong>Aux femmes et aux enfants le flambeau de l\u2019avenir,<\/strong><\/p>\n<p><strong>Richesses humaines et naturelles, support de notre devenir,<\/strong><\/p>\n<p><strong>Oh Afrique Occidentale, notre {r\u00e9gion-Etat}<\/strong><\/p>\n<p><strong>Sur ton socle repose une union d\u2019\u00e9clat\u00a0!<\/strong><\/p>\n<p><strong>De myst\u00e8re, point<\/strong><\/p>\n<p><strong>Tes pas t\u2019ont d\u00e9j\u00e0 port\u00e9e loin.<\/strong><\/p>\n<p><strong>Des bords de l\u2019oc\u00e9an au d\u00e9sert et par la savane<\/strong><\/p>\n<p><strong>Grand espace ou petit lopin<\/strong><\/p>\n<p><strong>Tous ensemble, main dans la main<\/strong><\/p>\n<p><strong>Eternels et all\u00e8gres seront tes pas, toi CEDEAO!<\/strong><\/p>\n","protected":false},"excerpt":{"rendered":"<p>HYMNE DE LA CEDEAO &nbsp; Etats d\u2019Afrique de l\u2019Ouest, soud\u00e9s par l\u2019histoire, Voil\u00e0 que lib\u00e9r\u00e9s des chaines de la captivit\u00e9, Glorieux furent les royaumes du pass\u00e9\u00a0! De myst\u00e8re, point, Ta trajectoire ira loin. De l\u2019oc\u00e9an aux for\u00eats arros\u00e9es et par la savane, \u0152uvrant main dans la main, Grand espace ou petit lopin A pas all\u00e8gres [&hellip;]<\/p>\n","protected":false},"author":13,"featured_media":0,"parent":0,"menu_order":0,"comment_status":"closed","ping_status":"closed","template":"","meta":{"_acf_changed":false,"footnotes":""},"class_list":["post-61769","page","type-page","status-publish","hentry"],"acf":[],"_links":{"self":[{"href":"https:\/\/www.ecowas.int\/index.php?rest_route=\/wp\/v2\/pages\/61769","targetHints":{"allow":["GET"]}}],"collection":[{"href":"https:\/\/www.ecowas.int\/index.php?rest_route=\/wp\/v2\/pages"}],"about":[{"href":"https:\/\/www.ecowas.int\/index.php?rest_route=\/wp\/v2\/types\/page"}],"author":[{"embeddable":true,"href":"https:\/\/www.ecowas.int\/index.php?rest_route=\/wp\/v2\/users\/13"}],"replies":[{"embeddable":true,"href":"https:\/\/www.ecowas.int\/index.php?rest_route=%2Fwp%2Fv2%2Fcomments&post=61769"}],"version-history":[{"count":1,"href":"https:\/\/www.ecowas.int\/index.php?rest_route=\/wp\/v2\/pages\/61769\/revisions"}],"predecessor-version":[{"id":61773,"href":"https:\/\/www.ecowas.int\/index.php?rest_route=\/wp\/v2\/pages\/61769\/revisions\/61773"}],"wp:attachment":[{"href":"https:\/\/www.ecowas.int\/index.php?rest_route=%2Fwp%2Fv2%2Fmedia&parent=61769"}],"curies":[{"name":"wp","href":"https:\/\/api.w.org\/{rel}","templated":true}]}}