{"id":61738,"date":"2022-08-12T14:08:23","date_gmt":"2022-08-12T14:08:23","guid":{"rendered":"http:\/\/192.168.1.181\/eco2\/?page_id=61738"},"modified":"2022-09-21T12:31:27","modified_gmt":"2022-09-21T12:31:27","slug":"principes-fondamentaux-2","status":"publish","type":"page","link":"https:\/\/www.ecowas.int\/?page_id=61738&lang=fr","title":{"rendered":"Principes fondamentaux"},"content":{"rendered":"<p>La CEDEAO est guid\u00e9e par ses principes fondamentaux dans tous ses rapports avec les Etats membres, citoyens et d\u2019autres organismes externes. Ces principes sont consacr\u00e9s par le Trait\u00e9 de la Communaut\u00e9, qui est aussi le document fondamental qui lie membres ensemble.<\/p>\n<p>Les principes fondamentaux de la CEDEAO stipulent que\u00a0:<\/p>\n<p>LES HAUTES PARTIES CONTRACTANTES,<\/p>\n<p>dans la poursuite des objectifs \u00e9nonc\u00e9s \u00e0 l\u2019Article 3 du pr\u00e9sent Trait\u00e9 affirment et d\u00e9clarent solennellement leur adh\u00e9sion aux principes fondamentaux suivants :<\/p>\n<p>\u00e9galit\u00e9 et interd\u00e9pendance des Etats membres;<br \/>\nsolidarit\u00e9 et autosuffisance collective ;<br \/>\ncoop\u00e9ration inter-Etats, harmonisation des politiques et int\u00e9gration des programmes;<br \/>\nnon-agression entre les Etats membres;<br \/>\nmaintien de la paix, de la s\u00e9curit\u00e9 et de la stabilit\u00e9 r\u00e9gionales par la promotion et le renforcement des relations de bon voisinage ;<br \/>\nr\u00e8glement pacifique des diff\u00e9rends entre les Etats membres, coop\u00e9ration active entre pays voisins et promotion d\u2019un environnement pacifique comme pr\u00e9alable au d\u00e9veloppement \u00e9conomique ;<br \/>\nrespect, promotion et protection des droits de l\u2019Homme et des peuples conform\u00e9ment aux dispositions de la Charte africaine des droits de l\u2019Homme et des peuples ;<br \/>\ntransparence, justice \u00e9conomique et sociale et participation populaire au d\u00e9veloppement;<br \/>\nreconnaissance et respect des r\u00e8gles et principes juridiques de la Communaut\u00e9;<br \/>\npromotion et consolidation d\u2019un syst\u00e8me d\u00e9mocratique de gouvernement dans chaque Etat membre tel que pr\u00e9vu par la D\u00e9claration de Principes Politiques adopt\u00e9e le 6 juillet 1991 \u00e0 Abuja;<\/p>\n<p>r\u00e9partition juste et \u00e9quitable des co\u00fbts et des avantages de la coop\u00e9ration et de l\u2019int\u00e9gration \u00e9conomiques.<\/p>\n","protected":false},"excerpt":{"rendered":"<p>La CEDEAO est guid\u00e9e par ses principes fondamentaux dans tous ses rapports avec les Etats membres, citoyens et d\u2019autres organismes externes. Ces principes sont consacr\u00e9s par le Trait\u00e9 de la Communaut\u00e9, qui est aussi le document fondamental qui lie membres ensemble. Les principes fondamentaux de la CEDEAO stipulent que\u00a0: LES HAUTES PARTIES CONTRACTANTES, dans la [&hellip;]<\/p>\n","protected":false},"author":13,"featured_media":0,"parent":0,"menu_order":0,"comment_status":"closed","ping_status":"closed","template":"page-templates\/about-page.php","meta":{"_acf_changed":false,"footnotes":""},"class_list":["post-61738","page","type-page","status-publish","hentry"],"acf":[],"_links":{"self":[{"href":"https:\/\/www.ecowas.int\/index.php?rest_route=\/wp\/v2\/pages\/61738","targetHints":{"allow":["GET"]}}],"collection":[{"href":"https:\/\/www.ecowas.int\/index.php?rest_route=\/wp\/v2\/pages"}],"about":[{"href":"https:\/\/www.ecowas.int\/index.php?rest_route=\/wp\/v2\/types\/page"}],"author":[{"embeddable":true,"href":"https:\/\/www.ecowas.int\/index.php?rest_route=\/wp\/v2\/users\/13"}],"replies":[{"embeddable":true,"href":"https:\/\/www.ecowas.int\/index.php?rest_route=%2Fwp%2Fv2%2Fcomments&post=61738"}],"version-history":[{"count":2,"href":"https:\/\/www.ecowas.int\/index.php?rest_route=\/wp\/v2\/pages\/61738\/revisions"}],"predecessor-version":[{"id":68111,"href":"https:\/\/www.ecowas.int\/index.php?rest_route=\/wp\/v2\/pages\/61738\/revisions\/68111"}],"wp:attachment":[{"href":"https:\/\/www.ecowas.int\/index.php?rest_route=%2Fwp%2Fv2%2Fmedia&parent=61738"}],"curies":[{"name":"wp","href":"https:\/\/api.w.org\/{rel}","templated":true}]}}