{"id":61719,"date":"2022-08-12T15:08:09","date_gmt":"2022-08-12T15:08:09","guid":{"rendered":"http:\/\/192.168.1.181\/eco2\/?page_id=61719"},"modified":"2022-08-15T14:43:04","modified_gmt":"2022-08-15T14:43:04","slug":"structure-de-gouvernance","status":"publish","type":"page","link":"https:\/\/www.ecowas.int\/?page_id=61719&lang=fr","title":{"rendered":"Structure de gouvernance"},"content":{"rendered":"<table>\n<tbody>\n<tr bgcolor=\"#F4F4F4\">\n<td width=\"624\">La Communaut\u00e9 \u00e9conomique des Etats de l\u2019Afrique de l\u2019Ouest (CEDEAO) est compos\u00e9e de trois grandes instances\u00a0: l\u2019Ex\u00e9cutif, le L\u00e9gislatif et le Judiciaire. Au sommet de la structure se trouve le Pr\u00e9sident de la Conf\u00e9rence des chefs d\u2019Etat et de gouvernement. Le Pr\u00e9sident de la Conf\u00e9rence est le Pr\u00e9sident en exercice d\u00e9sign\u00e9 par les autres chefs d\u2019Etat et de gouvernement pour g\u00e9rer les affaires de l\u2019organisation pour une p\u00e9riode d\u2019un an. Le ministre charg\u00e9 des affaires de la CEDEAO dans le pays du Pr\u00e9sident de la Conf\u00e9rence devient automatiquement le Pr\u00e9sident du Conseil des ministres. Et ce pays pr\u00e9side toutes les autres r\u00e9unions statutaires (minist\u00e9rielles, experts, comme les comit\u00e9s techniques) de la CEDEAO pendant l\u2019ann\u00e9e en cours.&nbsp;<\/p>\n<p>L\u2019Ex\u00e9cutif de la Communaut\u00e9 est dirig\u00e9 par le Pr\u00e9sident de la Commission de la CEDEAO qui est nomm\u00e9 par la Conf\u00e9rence pour une p\u00e9riode non renouvelable de quatre ans. Il est assist\u00e9 d\u2019un Vice-pr\u00e9sident et de 13 Commissaires.<\/p>\n<p>L\u2019organe l\u00e9gislatif de la Communaut\u00e9 est le Parlement, qui est dirig\u00e9 par un Pr\u00e9sident. Les fonctions administratives du Parlement sont g\u00e9r\u00e9es par le Secr\u00e9taire G\u00e9n\u00e9ral. En attendant les \u00e9lections au suffrage universel direct, les parlementaires sont d\u00e9tach\u00e9s des Parlements nationaux au Parlement de la Communaut\u00e9 pour une p\u00e9riode de quatre ans.<\/p>\n<p>L\u2019organe judiciaire de la Communaut\u00e9 est la Cour de Justice, qui est \u00e9galement dirig\u00e9e par un Pr\u00e9sident. Les juges sont d\u00e9tach\u00e9s des Cours supr\u00eames nationales pour occuper les postes r\u00e9serv\u00e9s aux pays. La Cour veille \u00e0 l\u2019interpr\u00e9tation et \u00e0 l\u2019application des lois, des protocoles et des conventions de la Communaut\u00e9. Les fonctions administratives de la Cour sont assur\u00e9es par le Greffier en chef assist\u00e9 d\u2019autres professionnels.<\/td>\n<\/tr>\n<\/tbody>\n<\/table>\n","protected":false},"excerpt":{"rendered":"<p>La Communaut\u00e9 \u00e9conomique des Etats de l\u2019Afrique de l\u2019Ouest (CEDEAO) est compos\u00e9e de trois grandes instances\u00a0: l\u2019Ex\u00e9cutif, le L\u00e9gislatif et le Judiciaire. Au sommet de la structure se trouve le Pr\u00e9sident de la Conf\u00e9rence des chefs d\u2019Etat et de gouvernement. Le Pr\u00e9sident de la Conf\u00e9rence est le Pr\u00e9sident en exercice d\u00e9sign\u00e9 par les autres chefs [&hellip;]<\/p>\n","protected":false},"author":13,"featured_media":0,"parent":0,"menu_order":0,"comment_status":"closed","ping_status":"closed","template":"","meta":{"_acf_changed":false,"footnotes":""},"class_list":["post-61719","page","type-page","status-publish","hentry"],"acf":[],"_links":{"self":[{"href":"https:\/\/www.ecowas.int\/index.php?rest_route=\/wp\/v2\/pages\/61719","targetHints":{"allow":["GET"]}}],"collection":[{"href":"https:\/\/www.ecowas.int\/index.php?rest_route=\/wp\/v2\/pages"}],"about":[{"href":"https:\/\/www.ecowas.int\/index.php?rest_route=\/wp\/v2\/types\/page"}],"author":[{"embeddable":true,"href":"https:\/\/www.ecowas.int\/index.php?rest_route=\/wp\/v2\/users\/13"}],"replies":[{"embeddable":true,"href":"https:\/\/www.ecowas.int\/index.php?rest_route=%2Fwp%2Fv2%2Fcomments&post=61719"}],"version-history":[{"count":1,"href":"https:\/\/www.ecowas.int\/index.php?rest_route=\/wp\/v2\/pages\/61719\/revisions"}],"predecessor-version":[{"id":61720,"href":"https:\/\/www.ecowas.int\/index.php?rest_route=\/wp\/v2\/pages\/61719\/revisions\/61720"}],"wp:attachment":[{"href":"https:\/\/www.ecowas.int\/index.php?rest_route=%2Fwp%2Fv2%2Fmedia&parent=61719"}],"curies":[{"name":"wp","href":"https:\/\/api.w.org\/{rel}","templated":true}]}}