{"id":61702,"date":"2022-08-12T15:02:03","date_gmt":"2022-08-12T15:02:03","guid":{"rendered":"http:\/\/192.168.1.181\/eco2\/?page_id=61702"},"modified":"2022-09-09T12:22:28","modified_gmt":"2022-09-09T12:22:28","slug":"historique-2","status":"publish","type":"page","link":"https:\/\/www.ecowas.int\/?page_id=61702&lang=fr","title":{"rendered":"Historique"},"content":{"rendered":"<p>Avant l\u2019av\u00e8nement de la CEDEAO, le territoire de l\u2019Afrique de l\u2019Ouest \u00e9tait constitu\u00e9, sur le plan r\u00e9gional, d\u2019un ensemble d\u2019Etats issus de diff\u00e9rents syst\u00e8mes administratifs et coloniaux qui ont d\u00e9fini les fronti\u00e8res des quinze Etats situ\u00e9s dans cette zone.<\/p>\n<p>M\u00eame si aujourd\u2019hui les Etats membres de cette communaut\u00e9 utilisent trois diff\u00e9rentes langues officielles \u00e9trang\u00e8res (l\u2019anglais, le fran\u00e7ais et le portugais), ils comptent en leur sein plus d\u2019un millier de langues locales dont des langues transfrontali\u00e8res comme l\u2019\u00e9w\u00e9, le fulfulde, le hausa, le mandingue, le wolof, le yoruba, l\u2019ibo, le ga, etc. qui sont parl\u00e9es par une population de plus de 300 millions d\u2019habitants r\u00e9partis sur une superficie d\u2019environ 5,1millions de km\u00b2.<br \/>\nAvant l\u2019arriv\u00e9e des colons, cette r\u00e9gion \u00e9tait le berceau de plusieurs empires et royaumes dont le rayonnement a travers\u00e9 les si\u00e8cles et dont les plus illustres ont \u00e9t\u00e9 l\u2019empire du Ghana, l\u2019empire du Mali, l\u2019empire Songha\u00ef, les empires du Jolof , d\u2019Oyo, du B\u00e9nin et du Kanem-Bornou.<\/p>\n<p>La diversit\u00e9 culturelle, linguistique et \u00e9cologique de la r\u00e9gion est porteuse aussi bien d\u2019opportunit\u00e9s que de d\u00e9fis pour le processus d\u2019int\u00e9gration. Le souci de combiner les forces sur les plans politique et \u00e9conomique a toujours \u00e9t\u00e9 reconnu comme un pas vers la cr\u00e9ation d\u2019une prosp\u00e9rit\u00e9 commune dans la r\u00e9gion.<\/p>\n<p>A cet \u00e9gard, le premier effort d\u2019int\u00e9gration remonte \u00e0 1945 avec la cr\u00e9ation du franc CFA qui a regroup\u00e9 les pays francophones de la r\u00e9gion au sein d\u2019une union mon\u00e9taire unique. Puis en 1964, le pr\u00e9sident du Lib\u00e9ria, William Tubman, a propos\u00e9 une union \u00e9conomique de l\u2019Afrique de l\u2019Ouest qui a abouti \u00e0 un accord sign\u00e9 en 1965 par la C\u00f4te d\u2019Ivoire, la Guin\u00e9e, le Lib\u00e9ria et la Sierra L\u00e9one.<\/p>\n<p>Cependant, ces initiatives n\u2019ont produit aucun r\u00e9sultat concret et ce, jusqu\u2019en 1972 lorsque le chef de l\u2019Etat du Nigeria, le g\u00e9n\u00e9ral Yakubu Gowon, et son homologue togolais, Gnassingb\u00e9 Eyad\u00e9ma, ont entrepris une tourn\u00e9e dans la r\u00e9gion pour promouvoir l\u2019id\u00e9e de l\u2019int\u00e9gration. Ainsi, gr\u00e2ce \u00e0 leurs efforts, des projets ont \u00e9t\u00e9 mis en avant et servi de base \u00e0 l\u2019\u00e9laboration, en 1975, du Trait\u00e9 de Lagos qui allait donner naissance \u00e0 la CEDEAO. A l\u2019origine, le Trait\u00e9 de Lagos se cantonnait \u00e0 l\u2019\u00e9conomie, mais du fait des probl\u00e8mes politiques qu\u2019a connus la r\u00e9gion, il a fait l\u2019objet d\u2019une r\u00e9vision qui a permis, en 1993, l\u2019\u00e9largissement de son champ d\u2019application et de ses pr\u00e9rogatives.<\/p>\n<p>La CEDEAO a pour objectif de promouvoir la coop\u00e9ration \u00e9conomique et politique entre les Etats. Elle est \u00e0 cet \u00e9gard en phase avec l\u2019Histoire dans la mesure o\u00f9 les Ouest-Africains, bien avant la colonisation, ont \u00e9t\u00e9 parmi les populations les plus mobiles au monde m\u00eame si l\u2019essentiel de cette mobilit\u00e9 s\u2019est effectu\u00e9e au sein de la r\u00e9gion. Environ 7,5 millions de migrants ouest-africains (3% de la population r\u00e9gionale) habitent dans des pays de la CEDEAO autre que le leur. Les 1,2 million d\u2019autres migrants sont principalement en Europe et en Am\u00e9rique du Nord. Les femmes, dont le nombre a \u00e9t\u00e9 estim\u00e9 en 2013 \u00e0 environ 149 millions, constituent plus de 50% de la population de la r\u00e9gion. La migration \u00e0 travers les fronti\u00e8res, effectu\u00e9e par les femmes dans le cadre de leurs activit\u00e9s commerciales, fait de celles-ci des chantres potentiels de l\u2019int\u00e9gration, mais cela n\u2019est pas encore une r\u00e9alit\u00e9.<\/p>\n<p>Au cours de ces derni\u00e8res ann\u00e9es, la population de l\u2019Afrique de l\u2019Ouest a connu une forte croissance, passant de 70 millions \u00e0 presque 300 millions d\u2019habitants entre 1950 et 2010. Vers la fin de 2014, cette population repr\u00e9sentait presque 40% de celle de l\u2019Afrique subsaharienne. Selon les projections des Nations unies, la population de la r\u00e9gion devrait, d\u2019ici \u00e0 2050, atteindre 550 \u00e0 600 millions d\u2019habitants. L\u2019Afrique de l\u2019Ouest est la r\u00e9gion la plus jeune du monde. Par ailleurs, avec 5% de la population mondiale et une superficie couvrant 40% de l\u2019Afrique subsaharienne, elle est la plus dens\u00e9ment peupl\u00e9e du continent.<\/p>\n<p>La dimension socioculturelle diversifi\u00e9e du d\u00e9veloppement devrait \u00eatre une composante essentielle pour la restauration de la paix et de la s\u00e9curit\u00e9 dans cette r\u00e9gion. Tirant parti du pass\u00e9, les dirigeants de la Communaut\u00e9 ont consenti nombre de sacrifices pour maintenir la structure politique de la r\u00e9gion. En 1976, le Cap-Vert (Cabo Verde), un des pays lusophones de la r\u00e9gion, a adh\u00e9r\u00e9 \u00e0 la CEDEAO et en d\u00e9cembre 2000, la Mauritanie s\u2019en est retir\u00e9e.<\/p>\n<p>Historique des Pr\u00e9sidents en exercice de la CEDEAO:<\/p>\n<ul>\n<li>Gnassingb\u00e9 Eyad\u00e9ma (Togo) 1977\u20131978<\/li>\n<li>Olusegun Obasanjo (Nigeria) 1978\u20131979<\/li>\n<li>L\u00e9opold S\u00e9dar Senghor (Senegal) 1979\u20131980<\/li>\n<li>Gnassingb\u00e9 Eyad\u00e9ma (Togo) 1980\u20131981<\/li>\n<li>Siaka Stevens (Sierra Leone) 1981\u20131982<\/li>\n<li>Mathieu K\u00e9r\u00e9kou (Benin) 1982\u20131983<\/li>\n<li>Ahmed S\u00e9kou Tour\u00e9 (Guinea) 1983\u20131984<\/li>\n<li>Lansana Cont\u00e9 (Guinea) 1984\u20131985<\/li>\n<li>Muhammadu Buhari (Nigeria) 1985 \u2013 27 August 1985<\/li>\n<li>Ibrahim Babangida (Nigeria) 27 August 1985 \u2013 1989<\/li>\n<li>Dawda Jawara (the Gambia) 1989\u20131990<\/li>\n<li style=\"list-style-type: none;\"><\/li>\n<li>Blaise Compaor\u00e9 (Burkina Faso) 1990\u20131991<\/li>\n<li>Dawda Jawara (the Gambia) 1991\u20131992<\/li>\n<li>Abdou Diouf (Senegal) 1992\u20131993<\/li>\n<li>Nic\u00e9phore Soglo (Benin) 1993\u20131994<\/li>\n<li>Jerry John Rawlings (Ghana) 1994 \u2013 27 July 1996<\/li>\n<li>Sani Abacha (Nigeria) 27 July 1996 \u2013 8 June 1998<\/li>\n<li>Abdulsalami Abubakar (Nigeria) 9 June 1998 \u2013 1999<\/li>\n<li>Gnassingb\u00e9 Eyad\u00e9ma (Togo) 1999<\/li>\n<li>Alpha Oumar Konar\u00e9 (Mali) 1999 \u2013 21 December 2001<\/li>\n<li>Abdoulaye Wade (Senegal) 21 December 2001 \u2013 31 January 2003<\/li>\n<li>John Agyekum Kufuor (Ghana) 31 January 2003 \u2013 19 January 2005<\/li>\n<li>Mamadou Tandja (Niger) 19 January 2005 \u2013 19 January 2007<\/li>\n<li>Blaise Compaor\u00e9 (Burkina Faso) 19 January 2007 \u2013 19 December 2008<\/li>\n<li>Umaru Musa Yar\u2019Adua (Nigeria) 19 December 2008 \u2013 18 February 2010<\/li>\n<li>Goodluck Jonathan (Nigeria) 18 February 2010 \u2013 17 February 2012<\/li>\n<li>Alassane Ouattara (C\u00f4te d\u2019Ivoire) 17 February 2012 \u2013 28 March 2014<\/li>\n<li>John Dramani Mahama (Ghana) 28 March 2014 \u201319 Mai 2015<\/li>\n<li>Macky Sall (Senegal) \u2013 19 Mai 2015 \u2013June 2016<\/li>\n<li>Madam Ellen Johnson Sirleaf (Liberia) \u2013 June 2016- June 2017<\/li>\n<li>Faure Gnassingbe(Togo)- June 2017- 31 July 2018<\/li>\n<li>Muhammadu Buhari (Nigeria)- 31 July 2018 -July 2019<\/li>\n<li>Issoufou Mahamadou (Niger) \u2013 July 2019- till date<\/li>\n<\/ul>\n","protected":false},"excerpt":{"rendered":"<p>Avant l\u2019av\u00e8nement de la CEDEAO, le territoire de l\u2019Afrique de l\u2019Ouest \u00e9tait constitu\u00e9, sur le plan r\u00e9gional, d\u2019un ensemble d\u2019Etats issus de diff\u00e9rents syst\u00e8mes administratifs et coloniaux qui ont d\u00e9fini les fronti\u00e8res des quinze Etats situ\u00e9s dans cette zone. M\u00eame si aujourd\u2019hui les Etats membres de cette communaut\u00e9 utilisent trois diff\u00e9rentes langues officielles \u00e9trang\u00e8res (l\u2019anglais, [&hellip;]<\/p>\n","protected":false},"author":13,"featured_media":0,"parent":0,"menu_order":0,"comment_status":"closed","ping_status":"closed","template":"page-templates\/about-page.php","meta":{"_acf_changed":false,"footnotes":""},"class_list":["post-61702","page","type-page","status-publish","hentry"],"acf":[],"_links":{"self":[{"href":"https:\/\/www.ecowas.int\/index.php?rest_route=\/wp\/v2\/pages\/61702","targetHints":{"allow":["GET"]}}],"collection":[{"href":"https:\/\/www.ecowas.int\/index.php?rest_route=\/wp\/v2\/pages"}],"about":[{"href":"https:\/\/www.ecowas.int\/index.php?rest_route=\/wp\/v2\/types\/page"}],"author":[{"embeddable":true,"href":"https:\/\/www.ecowas.int\/index.php?rest_route=\/wp\/v2\/users\/13"}],"replies":[{"embeddable":true,"href":"https:\/\/www.ecowas.int\/index.php?rest_route=%2Fwp%2Fv2%2Fcomments&post=61702"}],"version-history":[{"count":3,"href":"https:\/\/www.ecowas.int\/index.php?rest_route=\/wp\/v2\/pages\/61702\/revisions"}],"predecessor-version":[{"id":66850,"href":"https:\/\/www.ecowas.int\/index.php?rest_route=\/wp\/v2\/pages\/61702\/revisions\/66850"}],"wp:attachment":[{"href":"https:\/\/www.ecowas.int\/index.php?rest_route=%2Fwp%2Fv2%2Fmedia&parent=61702"}],"curies":[{"name":"wp","href":"https:\/\/api.w.org\/{rel}","templated":true}]}}