{"id":1298,"date":"2014-07-10T02:03:09","date_gmt":"2014-07-10T02:03:09","guid":{"rendered":"http:\/\/www.ecowas.int\/?page_id=1298"},"modified":"2022-09-16T01:58:36","modified_gmt":"2022-09-16T01:58:36","slug":"visao-2020","status":"publish","type":"page","link":"https:\/\/www.ecowas.int\/?page_id=1298&lang=pt-pt","title":{"rendered":"Vis\u00e3o 2020"},"content":{"rendered":"<table>\n<tbody>\n<tr bgcolor=\"#F4F4F4\">\n<td width=\"624\">Desde a sua cria\u00e7\u00e3o no dia 28 de Maio de 1975, a Comunidade Econ\u00f3mica dos Estados da \u00c1frica Ocidental (CEDEAO) tem estado a promover a coopera\u00e7\u00e3o econ\u00f3mica e a integra\u00e7\u00e3o regional como um desenvolvimento acelerado da economia da \u00c1frica Ocidental. A integra\u00e7\u00e3o Regional \u00e9 a ferramenta mais vi\u00e1vel e adequada para acelerar e atingir o desenvolvimento sustent\u00e1vel dos pa\u00edses da \u00c1frica Ocidental. Consequentemente, a Autoridade dos Chefes de Estado e do Governo da CEDEAO reafirmaram o seu compromisso de melhorar o processo de integra\u00e7\u00e3o da \u00c1frica Ocidental e refor\u00e7ar a sua efic\u00e1cia.<\/p>\n<p>Para atingir esse objectivo, a Autoridade adoptou uma resolu\u00e7\u00e3o em Junho de 2007 para introduzir a Vis\u00e3o 2020 transformacional da CEDEAO. A Vis\u00e3o 2020 da CEDEAO tem por objectivo criar uma direc\u00e7\u00e3o e meta transparentes para, de forma significativa, elevarem o padr\u00e3o de vida dos povos atrav\u00e9s de programas conscientes e inclusivos que garantir\u00e3o um futuro brilhante para a \u00c1frica Ocidental e -moldarem o destino da regi\u00e3o durante muitos anos e com perspectivas para o futuro. Neste contexto, o Presidente da Comiss\u00e3o da CEDEAO teve a directiva para mobilizar os cidad\u00e3os da regi\u00e3o para a vis\u00e3o e ajudar a alcan\u00e7\u00e1-la em 2020. \u00c9 gratificante verificar que o processo de vis\u00e3o alcan\u00e7ou progressos not\u00e1veis, culminando com a formula\u00e7\u00e3o e prepara\u00e7\u00e3o deste Documento de Vis\u00e3o. Essa conquista representa um passo importante, em especial o esfor\u00e7o louv\u00e1vel para envolver todas as partes interessadas no processo desta vis\u00e3o.<\/p>\n<p>O envolvimento de todas as partes interessadas dentro e fora da m\u00e1quina do governo num processo de vis\u00e3o \u00e9 um bom aug\u00fario para a realiza\u00e7\u00e3o do nosso objectivo comum de termos uma \u00c1frica Ocidental muito melhor.<\/p>\n<p>Isto reflecte a aspira\u00e7\u00e3o dos l\u00edderes da regi\u00e3o para fazer com que a Vis\u00e3o 2020 da CEDEAO seja um documento do povo. A implica\u00e7\u00e3o \u00e9 que, a partir de agora, os processos de integra\u00e7\u00e3o e o desenvolvimento da regi\u00e3o estariam centrados nas popula\u00e7\u00f5es e dirigidos pelas popula\u00e7\u00f5es. Esta mudan\u00e7a de paradigma nas atitudes e orienta\u00e7\u00e3o institucional \u00e9 importante se a regi\u00e3o quer criar um ambiente em que a comunidade empresarial e o p\u00fablico em geral ter\u00e3o uma vis\u00e3o comum e trabalhar\u00e3o juntos para realizarem as aspira\u00e7\u00f5es de desenvolvimento das pessoas, cujo objectivo \u00e9 alcan\u00e7ar o crescimento equitativo e de base ampla, o desenvolvimento sustent\u00e1vel e a erradica\u00e7\u00e3o da pobreza.<\/p>\n<p>O documento de vis\u00e3o tamb\u00e9m \u00e9 enf\u00e1tico e inequ\u00edvoco sobre as outras mudan\u00e7as na forma como a vida pol\u00edtica e socioecon\u00f3mica da regi\u00e3o \u00e9 vista e gerida; estas s\u00e3o as novas e importantes orienta\u00e7\u00f5es necess\u00e1rias que devem ser assumidas por todos os nossos povos para se por um fim \u00e0 pobreza e \u00e0 priva\u00e7\u00e3o. Como enunciado de forma clara no documento, a Vis\u00e3o 2020 \u00e9 vi\u00e1vel e realiz\u00e1vel. Para que isso aconte\u00e7a, todas as partes interessadas da \u00c1frica Ocidental precisam fazer as mudan\u00e7as necess\u00e1rias na sua formula\u00e7\u00e3o e implementa\u00e7\u00e3o de pol\u00edticas, bem como na sua capacidade institucional.<\/td>\n<\/tr>\n<\/tbody>\n<\/table>\n<table>\n<tbody>\n<tr align=\"center\" bgcolor=\"#F4F4F4\">\n<td width=\"624\">Pressione aqui para ver a vers\u00e3o completa do documento <a href=\"http:\/\/www.ecowas.int\/wp-content\/uploads\/2015\/01\/ECOWAS-VISION-2020.pdf\">ECOWAS VISION 2020<\/a><\/td>\n<\/tr>\n<\/tbody>\n<\/table>\n","protected":false},"excerpt":{"rendered":"<p>Desde a sua cria\u00e7\u00e3o no dia 28 de Maio de 1975, a Comunidade Econ\u00f3mica dos Estados da \u00c1frica Ocidental (CEDEAO) tem estado a promover a coopera\u00e7\u00e3o econ\u00f3mica e a integra\u00e7\u00e3o regional como um desenvolvimento acelerado da economia da \u00c1frica Ocidental. A integra\u00e7\u00e3o Regional \u00e9 a ferramenta mais vi\u00e1vel e adequada para acelerar e atingir o [&hellip;]<\/p>\n","protected":false},"author":13,"featured_media":0,"parent":62756,"menu_order":9,"comment_status":"closed","ping_status":"closed","template":"","meta":{"_acf_changed":false,"footnotes":""},"class_list":["post-1298","page","type-page","status-publish","hentry"],"acf":[],"_links":{"self":[{"href":"https:\/\/www.ecowas.int\/index.php?rest_route=\/wp\/v2\/pages\/1298","targetHints":{"allow":["GET"]}}],"collection":[{"href":"https:\/\/www.ecowas.int\/index.php?rest_route=\/wp\/v2\/pages"}],"about":[{"href":"https:\/\/www.ecowas.int\/index.php?rest_route=\/wp\/v2\/types\/page"}],"author":[{"embeddable":true,"href":"https:\/\/www.ecowas.int\/index.php?rest_route=\/wp\/v2\/users\/13"}],"replies":[{"embeddable":true,"href":"https:\/\/www.ecowas.int\/index.php?rest_route=%2Fwp%2Fv2%2Fcomments&post=1298"}],"version-history":[{"count":7,"href":"https:\/\/www.ecowas.int\/index.php?rest_route=\/wp\/v2\/pages\/1298\/revisions"}],"predecessor-version":[{"id":67649,"href":"https:\/\/www.ecowas.int\/index.php?rest_route=\/wp\/v2\/pages\/1298\/revisions\/67649"}],"up":[{"embeddable":true,"href":"https:\/\/www.ecowas.int\/index.php?rest_route=\/wp\/v2\/pages\/62756"}],"wp:attachment":[{"href":"https:\/\/www.ecowas.int\/index.php?rest_route=%2Fwp%2Fv2%2Fmedia&parent=1298"}],"curies":[{"name":"wp","href":"https:\/\/api.w.org\/{rel}","templated":true}]}}