{"id":1286,"date":"2014-07-10T01:59:33","date_gmt":"2014-07-10T01:59:33","guid":{"rendered":"http:\/\/www.ecowas.int\/?page_id=1286"},"modified":"2022-09-16T01:57:32","modified_gmt":"2022-09-16T01:57:32","slug":"historia","status":"publish","type":"page","link":"https:\/\/www.ecowas.int\/?page_id=1286&lang=pt-pt","title":{"rendered":"Hist\u00f3ria"},"content":{"rendered":"<table>\n<tbody>\n<tr bgcolor=\"#F4F4F4\">\n<td width=\"624\">Antes da cria\u00e7\u00e3o da CEDEAO, o territ\u00f3rio da \u00c1frica Ocidental, era constitu\u00eddo por estados com diferentes experi\u00eancias coloniais e administrativas que, em conjunto, acabaram por definir as fronteiras dos 15 pa\u00edses situados nessa zona.Apesar dos Estados-Membros da comunidade terem tr\u00eas l\u00ednguas oficiais estrangeiras (Ingl\u00eas, Franc\u00eas e Portugu\u00eas), existem contudo mais de mil l\u00ednguas locais, entre as quais, l\u00ednguas nativas transfronteiri\u00e7as, inclusive, como o Ewe, Fulfulde, Hausa, Mandingo, Wolof, Yoruba, Ibo, Ga, etc. faladas por mais de 300 milh\u00f5es de habitantes numa vasta \u00e1rea de cerca de 5.1 milh\u00f5es de quil\u00f3metros quadrados.<\/p>\n<p>Antes do colonialismo, a regi\u00e3o foi palco de muitos soberbos imp\u00e9rios e reinos que perduraram durante s\u00e9culos dos quais os do Ghana, Mali Songhai, Wolof, Oyo, Benin e Kanem Bornu.<\/p>\n<p>A diversidade cultural, lingu\u00edstica, ecol\u00f3gica apresenta simultaneamente oportunidades e desafios para o processo de integra\u00e7\u00e3o. A vontade de combinar for\u00e7as a n\u00edvel pol\u00edtico e econ\u00f3mico foi sempre reconhecida como sendo um passo em frente para a cria\u00e7\u00e3o de prosperidade na regi\u00e3o.<\/p>\n<p>Assim, o primeiro esfor\u00e7o de integra\u00e7\u00e3o data de 1945, com a cria\u00e7\u00e3o do franco CFA que reuniu os pa\u00edses franc\u00f3fonos da regi\u00e3o numa uni\u00e3o monet\u00e1ria \u00fanica. Posteriormente, em 1964, o Presidente da Lib\u00e9ria William Tubman prop\u00f4s uma uni\u00e3o econ\u00f3mica da \u00c1frica Ocidental que resultou num acordo em 1965 entre C\u00f4te d\u2019Ivoire, a Guin\u00e9, a Lib\u00e9ria e a Serra Leoa.<\/p>\n<p>Contudo, n\u00e3o houve nenhum resultado concreto na sequ\u00eancia desse acordo at\u00e9 1972, quando, o Chefe de Estado Nigeriano Yakubu Gowon e o seu hom\u00f3logo togol\u00eas o Presidente Gnassingbe Eyadema, fizeram uma digress\u00e3o na regi\u00e3o para promover a ideia de integra\u00e7\u00e3o. Assim, gra\u00e7as aos esfor\u00e7os envidados, foram apresentados projetos com base nos quais foi elaborado em 1975 o Tratado de Lagos que instituiu a CEDEAO. O Tratado de Lagos estava, previamente, limitado \u00e0s pol\u00edticas econ\u00f3micas, mas, com a ocorr\u00eancia de problemas pol\u00edticos, foi sujeito \u00e0 revis\u00e3o que permitiu, em 1993, o alargamento do seu \u00e2mbito de aplica\u00e7\u00e3o e das suas prerrogativas.<\/p>\n<p>A raz\u00e3o de ser da CEDEAO \u00e9 promover a coopera\u00e7\u00e3o econ\u00f3mica e pol\u00edtica entre os Estados. Est\u00e1, assim, em sintonia com a hist\u00f3ria, na medida em que os cidad\u00e3os da \u00c1frica Ocidental, at\u00e9 no per\u00edodo pr\u00e9-colonial, j\u00e1 eram das popula\u00e7\u00f5es que mais se deslocavam no mundo, mesmo se a mobilidade ocorria essencialmente no seio da regi\u00e3o. Cerca de 7,5 milh\u00f5es de migrantes da \u00c1frica Ocidental (3% da popula\u00e7\u00e3o regional) residem em pa\u00edses da CEDEAO diferente do seu. Os outros migrantes, 1,2 milh\u00e3o, residem sobretudo na Am\u00e9rica do Norte e na Europa. Havia cerca de 149 milh\u00f5es de migrantes em 2013, dos quais mais de 50% correspondiam \u00e0s mulheres a n\u00edvel regional. A migra\u00e7\u00e3o transfronteiri\u00e7a de mulheres comerciantes e de empres\u00e1rias coloca-as como potenciais campe\u00e3s na promo\u00e7\u00e3o da integra\u00e7\u00e3o, ainda que se tratem de dados por explorar.<\/p>\n<p>Durante os \u00faltimos anos, a popula\u00e7\u00e3o da \u00c1frica Ocidental observou um forte crescimento, passando de 70 milh\u00f5es de habitantes para 300 milh\u00f5es entre 1950 e 2010. No fim do ano de 2014, representava cerca de 40% da popula\u00e7\u00e3o da \u00c1frica subsaariana. Segundo as proje\u00e7\u00f5es das Na\u00e7\u00f5es Unidas, a popula\u00e7\u00e3o da \u00c1frica Ocidental dever\u00e1 chegar aos 550 ou 600 milh\u00f5es de habitantes em 2050. \u00c9 a regi\u00e3o mais jovem do mundo. Al\u00e9m disso, com cerca de 5% da popula\u00e7\u00e3o mundial e com uma \u00e1rea superior a 40% da \u00c1frica subsaariana, a \u00c1frica Ocidental \u00e9 a mais densamente povoada.<\/p>\n<p>A dimens\u00e3o sociocultural diversificada do desenvolvimento \u00e9 essencial para o estabelecimento da paz e da seguran\u00e7a na regi\u00e3o. Retirando ila\u00e7\u00f5es do passado, os l\u00edderes da comunidade envidaram esfor\u00e7os para manter a estrutura pol\u00edtica da regi\u00e3o. Em 1976, Cabo Verde, um dos dois pa\u00edses lus\u00f3fonos da regi\u00e3o aderiu \u00e0 CEDEAO, e em dezembro de 2000 a Maurit\u00e2nia retirou-se, tendo anunciado essa sua inten\u00e7\u00e3o de se retirar em dezembro de 1999.<\/p>\n<p>Hist\u00f3ria dos atuais Presidentes da CEDEAO:<\/p>\n<p>\u2022 Gnassingb\u00e9 Eyad\u00e9ma (Togo) 1977\u20131978<br \/>\n\u2022 Olusegun Obasanjo (Nigeria) 1978\u20131979<br \/>\n\u2022 L\u00e9opold S\u00e9dar Senghor (Senegal) 1979\u20131980<br \/>\n\u2022 Gnassingb\u00e9 Eyad\u00e9ma (Togo) 1980\u20131981<br \/>\n\u2022 Siaka Stevens (Sierra Leone) 1981\u20131982<br \/>\n\u2022 Mathieu K\u00e9r\u00e9kou (Benin) 1982\u20131983<br \/>\n\u2022 Ahmed S\u00e9kou Tour\u00e9 (Guinea) 1983\u20131984<br \/>\n\u2022 Lansana Cont\u00e9 (Guinea) 1984\u20131985<br \/>\n\u2022 Muhammadu Buhari (Nigeria) 1985 \u2013 27 August 1985<br \/>\n\u2022 Ibrahim Babangida (Nigeria) 27 August 1985 \u2013 1989<br \/>\n\u2022 Dawda Jawara (the Gambia) 1989\u20131990<br \/>\n\u2022 Blaise Compaor\u00e9 (Burkina Faso) 1990\u20131991<br \/>\n\u2022 Dawda Jawara (the Gambia) 1991\u20131992<br \/>\n\u2022 Abdou Diouf (Senegal) 1992\u20131993<br \/>\n\u2022 Nic\u00e9phore Soglo (Benin) 1993\u20131994<br \/>\n\u2022 Jerry John Rawlings (Ghana) 1994 \u2013 27 July 1996<br \/>\n\u2022 Sani Abacha (Nigeria) 27 July 1996 \u2013 8 June 1998<br \/>\n\u2022 Abdulsalami Abubakar (Nigeria) 9 June 1998 \u2013 1999<br \/>\n\u2022 Gnassingb\u00e9 Eyad\u00e9ma (Togo) 1999<br \/>\n\u2022 Alpha Oumar Konar\u00e9 (Mali) 1999 \u2013 21 December 2001<br \/>\n\u2022 Abdoulaye Wade (Senegal) 21 December 2001 \u2013 31 January 2003<br \/>\n\u2022 John Agyekum Kufuor (Ghana) 31 January 2003 \u2013 19 January 2005<br \/>\n\u2022 Mamadou Tandja (Niger) 19 January 2005 \u2013 19 January 2007<br \/>\n\u2022 Blaise Compaor\u00e9 (Burkina Faso) 19 January 2007 \u2013 19 December 2008<br \/>\n\u2022 Umaru Musa Yar\u2019Adua (Nigeria) 19 December 2008 \u2013 18 February 2010<br \/>\n\u2022 Goodluck Jonathan (Nigeria) 18 February 2010 \u2013 17 February 2012<br \/>\n\u2022 Alassane Ouattara (C\u00f4te d\u2019Ivoire) 17 February 2012 \u2013 28 March 2014<br \/>\n\u2022 John Dramani Mahama (Ghana) 28 March 2014 \u201319 Mai 2015<br \/>\n\u2022 Macky Sall(Senegal) \u2013 19 Mai 2015 \u2013June 2016<br \/>\n\u2022 Madam Ellen Johnson Sirleaf(Liberia) \u2013 June 2016- June 2017<br \/>\n\u2022 Faure Gnassingbe(Togo)- June 2017- 31 July 2018<br \/>\n\u2022 Muhammadu Buhari (Nigeria)- 31 July 2018 &#8212;-<\/td>\n<\/tr>\n<\/tbody>\n<\/table>\n","protected":false},"excerpt":{"rendered":"<p>Antes da cria\u00e7\u00e3o da CEDEAO, o territ\u00f3rio da \u00c1frica Ocidental, era constitu\u00eddo por estados com diferentes experi\u00eancias coloniais e administrativas que, em conjunto, acabaram por definir as fronteiras dos 15 pa\u00edses situados nessa zona.Apesar dos Estados-Membros da comunidade terem tr\u00eas l\u00ednguas oficiais estrangeiras (Ingl\u00eas, Franc\u00eas e Portugu\u00eas), existem contudo mais de mil l\u00ednguas locais, entre [&hellip;]<\/p>\n","protected":false},"author":13,"featured_media":0,"parent":0,"menu_order":6,"comment_status":"closed","ping_status":"closed","template":"","meta":{"_acf_changed":false,"footnotes":""},"class_list":["post-1286","page","type-page","status-publish","hentry"],"acf":[],"_links":{"self":[{"href":"https:\/\/www.ecowas.int\/index.php?rest_route=\/wp\/v2\/pages\/1286","targetHints":{"allow":["GET"]}}],"collection":[{"href":"https:\/\/www.ecowas.int\/index.php?rest_route=\/wp\/v2\/pages"}],"about":[{"href":"https:\/\/www.ecowas.int\/index.php?rest_route=\/wp\/v2\/types\/page"}],"author":[{"embeddable":true,"href":"https:\/\/www.ecowas.int\/index.php?rest_route=\/wp\/v2\/users\/13"}],"replies":[{"embeddable":true,"href":"https:\/\/www.ecowas.int\/index.php?rest_route=%2Fwp%2Fv2%2Fcomments&post=1286"}],"version-history":[{"count":8,"href":"https:\/\/www.ecowas.int\/index.php?rest_route=\/wp\/v2\/pages\/1286\/revisions"}],"predecessor-version":[{"id":67647,"href":"https:\/\/www.ecowas.int\/index.php?rest_route=\/wp\/v2\/pages\/1286\/revisions\/67647"}],"wp:attachment":[{"href":"https:\/\/www.ecowas.int\/index.php?rest_route=%2Fwp%2Fv2%2Fmedia&parent=1286"}],"curies":[{"name":"wp","href":"https:\/\/api.w.org\/{rel}","templated":true}]}}