{"id":1280,"date":"2014-07-10T01:59:15","date_gmt":"2014-07-10T01:59:15","guid":{"rendered":"http:\/\/www.ecowas.int\/?page_id=1280"},"modified":"2025-03-03T14:51:03","modified_gmt":"2025-03-03T14:51:03","slug":"a-propos-de-la-cedeao","status":"publish","type":"page","link":"https:\/\/www.ecowas.int\/?page_id=1280&lang=fr","title":{"rendered":"A propos de la CEDEAO"},"content":{"rendered":"<p>Les chefs d&#8217;\u00c9tat et de gouvernement de quinze pays d&#8217;Afrique de l&#8217;Ouest ont cr\u00e9\u00e9 la Communaut\u00e9 \u00e9conomique des \u00c9tats de l&#8217;Afrique de l&#8217;Ouest (CEDEAO) en signant le trait\u00e9 de la CEDEAO le 28 mai 1975 \u00e0 Lagos, au Nigeria.<\/p>\n<p>Le trait\u00e9 de Lagos a \u00e9t\u00e9 sign\u00e9 par les 15 chefs d&#8217;\u00c9tat et de gouvernement du B\u00e9nin, du Burkina Faso, de la C\u00f4te d&#8217;Ivoire, de la Gambie, du Ghana, de la Guin\u00e9e, de la Guin\u00e9e-Bissau, du Liberia, du Mali, de la Mauritanie, du Niger, du Nigeria, de la Sierra Leone, du S\u00e9n\u00e9gal et du Togo, avec pour mission d\u00e9clar\u00e9e de promouvoir l&#8217;int\u00e9gration \u00e9conomique dans la r\u00e9gion. Le pr\u00e9sident s\u00e9n\u00e9galais \u00e9tait repr\u00e9sent\u00e9 par le ministre des affaires \u00e9trang\u00e8res. Le Cabo Verde a rejoint l&#8217;Union en 1977. Le seul membre arabophone, la Mauritanie, s&#8217;est retir\u00e9 en d\u00e9cembre 2000. La Mauritanie a r\u00e9cemment sign\u00e9 un nouvel accord d&#8217;association en ao\u00fbt 2017. Le 29 janvier 2025, le Burkina Faso, le Mali et le Niger se sont officiellement retir\u00e9s de la CEDEAO.<\/p>\n<p>Les \u00c9tats membres actuels de la CEDEAO sont le B\u00e9nin, le Cabo Verde, la C\u00f4te d&#8217;Ivoire, la Gambie, le Ghana, la Guin\u00e9e, la Guin\u00e9e-Bissau, le Liberia, le Nigeria, la Sierra Leone, le S\u00e9n\u00e9gal et le Togo.<\/p>\n<p>Consid\u00e9r\u00e9e comme l&#8217;un des piliers de la Communaut\u00e9 \u00e9conomique africaine, la CEDEAO a \u00e9t\u00e9 cr\u00e9\u00e9e dans le but de promouvoir l&#8217;id\u00e9al d&#8217;autosuffisance collective de ses \u00c9tats membres. En tant qu&#8217;union \u00e9conomique, elle vise \u00e9galement \u00e0 cr\u00e9er un grand bloc commercial unique par le biais de la coop\u00e9ration \u00e9conomique.<\/p>\n<p>Les activit\u00e9s \u00e9conomiques int\u00e9gr\u00e9es, telles qu\u2019envisag\u00e9es dans la r\u00e9gion, dont le PIB cumul\u00e9 s&#8217;\u00e9l\u00e8ve \u00e0 734,8 milliards de dollars, tournent autour de l&#8217;industrie, du transport, des t\u00e9l\u00e9communications, de l&#8217;\u00e9nergie, de l&#8217;agriculture, des ressources naturelles, du commerce, des questions mon\u00e9taires et financi\u00e8res, ainsi que des questions sociales et culturelles, entre autres.<\/p>\n<p>En 2007, le Secr\u00e9tariat de la CEDEAO a \u00e9t\u00e9 transform\u00e9 en une Commission dirig\u00e9e par un Pr\u00e9sident, assist\u00e9 d&#8217;un Vice-pr\u00e9sident, de treize Commissaires et de l&#8217;Auditeur g\u00e9n\u00e9ral des institutions de la CEDEAO. Elle comprend des technocrates exp\u00e9riment\u00e9s qui assurent le leadership de cette nouvelle orientation.<\/p>\n<p>Dans le cadre de ce processus de r\u00e9forme, la CEDEAO met en \u0153uvre des programmes critiques et strat\u00e9giques visant \u00e0 favoriser le renforcement de la coh\u00e9sion et l&#8217;\u00e9limination progressive des obstacles \u00e0 l\u2019int\u00e9gration effective de la sous-r\u00e9gion. Ainsi, les 300 millions de citoyens de la Communaut\u00e9 pourront finalement s&#8217;approprier la r\u00e9alisation de la nouvelle Vision qui consiste \u00e0 passer d&#8217;une CEDEAO des Etats \u00e0 une <strong>&#8220;CEDEAO des Peuples\u00a0: Paix et prosp\u00e9rit\u00e9 pour tous&#8221;<\/strong> \u00e0 l\u2019horizon 2050.<\/p>\n<p>Le si\u00e8ge de la CEDEAO est bas\u00e9 \u00e0 Abuja, au Nigeria.<\/p>\n<p><strong>BUT <\/strong><\/p>\n<p>La Communaut\u00e9 a pour objectif de promouvoir la coop\u00e9ration et l&#8217;int\u00e9gration dans la perspective d&#8217;une union \u00e9conomique de l\u2019Afrique de l&#8217;Ouest, en vue d&#8217;\u00e9lever le niveau de vie de ses peuples, de maintenir et d\u2019accroitre la stabilit\u00e9 \u00e9conomique, de renforcer les relations entre les \u00c9tats membres et de contribuer au progr\u00e8s et au d\u00e9veloppement du continent africain.<\/p>\n<p><strong>OBJECTIFS<\/strong><\/p>\n<ol>\n<li>L&#8217;harmonisation et la coordination des politiques nationales et la promotion de programmes, de projets et d&#8217;activit\u00e9s, notamment dans les domaines de l&#8217;agriculture et des ressources naturelles, de l&#8217;industrie, des transports et communications, de l&#8217;\u00e9nergie, du commerce, de la monnaie et des finances, de la fiscalit\u00e9, des r\u00e9formes \u00e9conomiques, des ressources humaines, de l&#8217;\u00e9ducation, de l&#8217;information, de la culture, de la science, de la technologie, des services, de la sant\u00e9, du tourisme, de la justice.<\/li>\n<li>L&#8217;harmonisation et la coordination des politiques en vue de la protection de l&#8217;environnement ;<\/li>\n<li>La promotion de la cr\u00e9ation d&#8217;entreprises conjointes de production ;<\/li>\n<li>La cr\u00e9ation d&#8217;un march\u00e9 commun, \u00e0 travers :<\/li>\n<li>La lib\u00e9ralisation des \u00e9changes par l&#8217;\u00e9limination entre les \u00c9tats membres, des droits de douane \u00e0 l&#8217;importation et \u00e0 l&#8217;exportation des marchandises et l&#8217;abolition entre les \u00c9tats membres, des barri\u00e8res non tarifaires en vue de la cr\u00e9ation d&#8217;une zone de libre-\u00e9change au sein de la Communaut\u00e9 ;<\/li>\n<li>L&#8217;\u00e9tablissement d&#8217;un tarif ext\u00e9rieur commun et d&#8217;une politique commerciale commune \u00e0 l&#8217;\u00e9gard des pays tiers ;<\/li>\n<li>La suppression entre les \u00c9tats membres des obstacles \u00e0 la libre circulation des personnes, des biens, des services et des capitaux ainsi qu&#8217;aux droits de r\u00e9sidence et d&#8217;\u00e9tablissement ;<\/li>\n<li>La cr\u00e9ation d&#8217;une union \u00e9conomique par l&#8217;adoption de politiques communes dans les domaines de l&#8217;\u00e9conomie, des finances, des affaires sociales et culturelles et la cr\u00e9ation d&#8217;une union mon\u00e9taire ;<\/li>\n<li>La promotion d&#8217;entreprises communes par les organisations du secteur priv\u00e9 et les autres op\u00e9rateurs \u00e9conomiques notamment avec la conclusion d&#8217;un accord r\u00e9gional sur les investissements transfrontaliers ;<\/li>\n<li>L&#8217;adoption de mesures visant \u00e0 promouvoir l&#8217;int\u00e9gration du secteur priv\u00e9, notamment la cr\u00e9ation d&#8217;un environnement propre \u00e0 promouvoir les petites et moyennes entreprises ;<\/li>\n<li>L&#8217;instauration d&#8217;un environnement juridique propice ;<\/li>\n<li>L&#8217;harmonisation des codes nationaux des investissements aboutissant \u00e0 l&#8217;adoption d&#8217;un code communautaire unique des investissements ;<\/li>\n<li>L&#8217;harmonisation des normes et mesures ;<\/li>\n<li>La promotion d&#8217;un d\u00e9veloppement \u00e9quilibr\u00e9 de la r\u00e9gion en accordant une attention aux probl\u00e8mes sp\u00e9cifiques de chaque \u00c9tat membre, notamment \u00e0 ceux des \u00c9tats membres sans littoral et des \u00c9tats membres insulaires ;<\/li>\n<li>La promotion et le renforcement des relations et de la circulation de l&#8217;information en particulier entre les populations rurales, les organisations de femmes et de jeunes, les organisations socioprofessionnelles telles que les associations des m\u00e9dias, d&#8217;hommes et femmes d&#8217;affaires, de travailleurs, de jeunes et de syndicats ;<\/li>\n<li>L&#8217;adoption d&#8217;une politique communautaire en mati\u00e8re de population qui prenne en compte la n\u00e9cessit\u00e9 d&#8217;\u00e9tablir un \u00e9quilibre entre les facteurs d\u00e9mographiques et le d\u00e9veloppement socio\u00e9conomique ;<\/li>\n<li>La cr\u00e9ation d&#8217;un fonds de coop\u00e9ration, de compensation et de d\u00e9veloppement ;<\/li>\n<li>Toutes autres activit\u00e9s que les \u00c9tats membres peuvent d\u00e9cider d&#8217;entreprendre conjointement \u00e0 tout moment en vue d&#8217;atteindre les objectifs de la Communaut\u00e9.<\/li>\n<\/ol>\n<p><strong>PRINCIPES FONDAMENTAUX <\/strong><\/p>\n<ol>\n<li>Egalit\u00e9 et interd\u00e9pendance des \u00c9tats membres ;<\/li>\n<li>Solidarit\u00e9 et autosuffisance collective ;<\/li>\n<li>Coop\u00e9ration inter-\u00c9tats, harmonisation des politiques et int\u00e9gration des programmes ;<\/li>\n<li>Non-agression entre les \u00c9tats membres ;<\/li>\n<li>Maintien de la paix, de la s\u00e9curit\u00e9 et de la stabilit\u00e9 r\u00e9gionales par la promotion et le renforcement des relations de bon voisinage ;<\/li>\n<li>R\u00e8glement pacifique des diff\u00e9rends entre les \u00c9tats membres, coop\u00e9ration active entre pays voisins et promotion d&#8217;un environnement pacifique comme pr\u00e9alable au d\u00e9veloppement \u00e9conomique ;<\/li>\n<li>Respect, promotion et protection des droits de l&#8217;homme et des peuples conform\u00e9ment aux dispositions de la Charte africaine des droits de l&#8217;homme et des peuples ;<\/li>\n<li>Transparence, justice \u00e9conomique et sociale et participation populaire au d\u00e9veloppement ;<\/li>\n<li>Reconnaissance et respect des r\u00e8gles et principes juridiques de la Communaut\u00e9 ;<\/li>\n<li>Promotion et consolidation d&#8217;un syst\u00e8me d\u00e9mocratique de gouvernement dans chaque \u00c9tat membre tel que pr\u00e9vu par la D\u00e9claration de principes politiques adopt\u00e9e le 6 juillet 1991 \u00e0 Abuja\u00a0;<\/li>\n<li>R\u00e9partition juste et \u00e9quitable des co\u00fbts et des avantages de la coop\u00e9ration et de l\u2019int\u00e9gration \u00e9conomiques.<\/li>\n<\/ol>\n<p><strong>VISION<\/strong><\/p>\n<ul>\n<li>Une r\u00e9gion sans fronti\u00e8res o\u00f9 les populations ont acc\u00e8s aux abondantes ressources et sont en mesure de les exploiter, gr\u00e2ce \u00e0 la cr\u00e9ation d\u2019opportunit\u00e9s dans un environnement durable.<\/li>\n<li>Une r\u00e9gion int\u00e9gr\u00e9e o\u00f9 la population jouit de la libre circulation, a acc\u00e8s \u00e0 des syst\u00e8mes d&#8217;\u00e9ducation et de sant\u00e9 efficaces, peut se livrer \u00e0 des activit\u00e9s \u00e9conomiques et commerciales et vit dans la dignit\u00e9, dans un environnement de paix et de s\u00e9curit\u00e9.<\/li>\n<li>Une r\u00e9gion gouvern\u00e9e selon les principes de la d\u00e9mocratie, de l&#8217;\u00c9tat de droit et de la bonne gouvernance.<\/li>\n<\/ul>\n","protected":false},"excerpt":{"rendered":"<p>Les chefs d&#8217;\u00c9tat et de gouvernement de quinze pays d&#8217;Afrique de l&#8217;Ouest ont cr\u00e9\u00e9 la Communaut\u00e9 \u00e9conomique des \u00c9tats de l&#8217;Afrique de l&#8217;Ouest (CEDEAO) en signant le trait\u00e9 de la CEDEAO le 28 mai 1975 \u00e0 Lagos, au Nigeria. Le trait\u00e9 de Lagos a \u00e9t\u00e9 sign\u00e9 par les 15 chefs d&#8217;\u00c9tat et de gouvernement du [&hellip;]<\/p>\n","protected":false},"author":13,"featured_media":0,"parent":0,"menu_order":5,"comment_status":"closed","ping_status":"closed","template":"page-templates\/about-page.php","meta":{"_acf_changed":false,"footnotes":""},"class_list":["post-1280","page","type-page","status-publish","hentry"],"acf":[],"_links":{"self":[{"href":"https:\/\/www.ecowas.int\/index.php?rest_route=\/wp\/v2\/pages\/1280","targetHints":{"allow":["GET"]}}],"collection":[{"href":"https:\/\/www.ecowas.int\/index.php?rest_route=\/wp\/v2\/pages"}],"about":[{"href":"https:\/\/www.ecowas.int\/index.php?rest_route=\/wp\/v2\/types\/page"}],"author":[{"embeddable":true,"href":"https:\/\/www.ecowas.int\/index.php?rest_route=\/wp\/v2\/users\/13"}],"replies":[{"embeddable":true,"href":"https:\/\/www.ecowas.int\/index.php?rest_route=%2Fwp%2Fv2%2Fcomments&post=1280"}],"version-history":[{"count":12,"href":"https:\/\/www.ecowas.int\/index.php?rest_route=\/wp\/v2\/pages\/1280\/revisions"}],"predecessor-version":[{"id":111685,"href":"https:\/\/www.ecowas.int\/index.php?rest_route=\/wp\/v2\/pages\/1280\/revisions\/111685"}],"wp:attachment":[{"href":"https:\/\/www.ecowas.int\/index.php?rest_route=%2Fwp%2Fv2%2Fmedia&parent=1280"}],"curies":[{"name":"wp","href":"https:\/\/api.w.org\/{rel}","templated":true}]}}